{"id":6266,"date":"2026-03-01T17:05:04","date_gmt":"2026-03-01T17:05:04","guid":{"rendered":"https:\/\/www.aetomazribeiro.net\/wpress\/?page_id=6266"},"modified":"2026-03-01T17:08:25","modified_gmt":"2026-03-01T17:08:25","slug":"orcamento-participativo-das-escolas","status":"publish","type":"page","link":"https:\/\/www.aetomazribeiro.net\/wpress\/orcamento-participativo-das-escolas\/","title":{"rendered":"Or\u00e7amento Participativo das Escolas"},"content":{"rendered":"\n<h2 class=\"wp-block-heading has-text-align-center\">Or\u00e7amento Participativo das Escolas<\/h2>\n\n\n\n<h2 class=\"wp-block-heading has-text-align-center\">2026<\/h2>\n\n\n\n<figure class=\"wp-block-image aligncenter size-large is-resized\"><a href=\"https:\/\/www.aetomazribeiro.net\/wpress\/wp-content\/uploads\/2026\/03\/ope_2026.jpg\"><img fetchpriority=\"high\" decoding=\"async\" width=\"683\" height=\"1024\" src=\"https:\/\/www.aetomazribeiro.net\/wpress\/wp-content\/uploads\/2026\/03\/ope_2026-683x1024.jpg\" alt=\"\" class=\"wp-image-6275\" style=\"box-shadow:var(--wp--preset--shadow--natural);aspect-ratio:0.6666666666666666;width:408px;height:auto\" srcset=\"https:\/\/www.aetomazribeiro.net\/wpress\/wp-content\/uploads\/2026\/03\/ope_2026-683x1024.jpg 683w, https:\/\/www.aetomazribeiro.net\/wpress\/wp-content\/uploads\/2026\/03\/ope_2026-200x300.jpg 200w, https:\/\/www.aetomazribeiro.net\/wpress\/wp-content\/uploads\/2026\/03\/ope_2026-768x1152.jpg 768w, https:\/\/www.aetomazribeiro.net\/wpress\/wp-content\/uploads\/2026\/03\/ope_2026-1024x1536.jpg 1024w, https:\/\/www.aetomazribeiro.net\/wpress\/wp-content\/uploads\/2026\/03\/ope_2026-1365x2048.jpg 1365w, https:\/\/www.aetomazribeiro.net\/wpress\/wp-content\/uploads\/2026\/03\/ope_2026.jpg 1500w\" sizes=\"(max-width: 683px) 100vw, 683px\" \/><\/a><\/figure>\n\n\n\n<div style=\"height:100px\" aria-hidden=\"true\" class=\"wp-block-spacer\"><\/div>\n\n\n\n<div data-wp-interactive=\"core\/file\" class=\"wp-block-file\"><object data-wp-bind--hidden=\"!state.hasPdfPreview\" hidden class=\"wp-block-file__embed\" data=\"https:\/\/www.aetomazribeiro.net\/wpress\/wp-content\/uploads\/2026\/03\/5_Orcamento-Participativo-das-Escolas-2026_PaginaAgrupamento.pdf\" type=\"application\/pdf\" style=\"width:100%;height:600px\" aria-label=\"Incorpora\u00e7\u00e3o de 5_Or\u00e7amento Participativo das Escolas (2026).\"><\/object><a id=\"wp-block-file--media-4acb8cba-60a3-4194-8a0f-0730eb832010\" href=\"https:\/\/www.aetomazribeiro.net\/wpress\/wp-content\/uploads\/2026\/03\/5_Orcamento-Participativo-das-Escolas-2026_PaginaAgrupamento.pdf\">5_Or\u00e7amento Participativo das Escolas (2026)<\/a><a href=\"https:\/\/www.aetomazribeiro.net\/wpress\/wp-content\/uploads\/2026\/03\/5_Orcamento-Participativo-das-Escolas-2026_PaginaAgrupamento.pdf\" class=\"wp-block-file__button wp-element-button\" download aria-describedby=\"wp-block-file--media-4acb8cba-60a3-4194-8a0f-0730eb832010\">Descarregar<\/a><\/div>\n\n\n\n<div class=\"wp-block-file\"><a id=\"wp-block-file--media-98190afe-4b37-40e8-8d65-8c87cf9894c5\" href=\"https:\/\/www.aetomazribeiro.net\/wpress\/wp-content\/uploads\/2026\/03\/Despacho-no-436-A-2017-OPE.pdf\">Despacho n.\u00ba 436-A-2017- OPE<\/a><a href=\"https:\/\/www.aetomazribeiro.net\/wpress\/wp-content\/uploads\/2026\/03\/Despacho-no-436-A-2017-OPE.pdf\" class=\"wp-block-file__button wp-element-button\" download aria-describedby=\"wp-block-file--media-98190afe-4b37-40e8-8d65-8c87cf9894c5\">Descarregar<\/a><\/div>\n\n\n\n<div class=\"wp-block-file\"><a id=\"wp-block-file--media-c34d06ac-c115-4c40-835a-18a4db2583a7\" href=\"https:\/\/www.aetomazribeiro.net\/wpress\/wp-content\/uploads\/2026\/03\/6_DocApresentacaoProposta_Alunos_2026.doc\">Documento de Apresenta\u00e7\u00e3o &#8211; Proposta Alunos 2026 (ficheiro DOC)<\/a><a href=\"https:\/\/www.aetomazribeiro.net\/wpress\/wp-content\/uploads\/2026\/03\/6_DocApresentacaoProposta_Alunos_2026.doc\" class=\"wp-block-file__button wp-element-button\" download aria-describedby=\"wp-block-file--media-c34d06ac-c115-4c40-835a-18a4db2583a7\">Descarregar<\/a><\/div>\n\n\n\n<p><\/p>\n\n\n\n<p><\/p>\n","protected":false},"excerpt":{"rendered":"<p>Or\u00e7amento Participativo das Escolas 2026<\/p>\n","protected":false},"author":1,"featured_media":0,"parent":0,"menu_order":0,"comment_status":"closed","ping_status":"closed","template":"","meta":{"_uag_custom_page_level_css":"","site-sidebar-layout":"default","site-content-layout":"","ast-site-content-layout":"default","site-content-style":"default","site-sidebar-style":"default","ast-global-header-display":"","ast-banner-title-visibility":"","ast-main-header-display":"","ast-hfb-above-header-display":"","ast-hfb-below-header-display":"","ast-hfb-mobile-header-display":"","site-post-title":"disabled","ast-breadcrumbs-content":"","ast-featured-img":"","footer-sml-layout":"","ast-disable-related-posts":"","theme-transparent-header-meta":"","adv-header-id-meta":"","stick-header-meta":"","header-above-stick-meta":"","header-main-stick-meta":"","header-below-stick-meta":"","astra-migrate-meta-layouts":"set","ast-page-background-enabled":"default","ast-page-background-meta":{"desktop":{"background-color":"","background-image":"","background-repeat":"repeat","background-position":"center center","background-size":"auto","background-attachment":"scroll","background-type":"","background-media":"","overlay-type":"","overlay-color":"","overlay-opacity":"","overlay-gradient":""},"tablet":{"background-color":"","background-image":"","background-repeat":"repeat","background-position":"center center","background-size":"auto","background-attachment":"scroll","background-type":"","background-media":"","overlay-type":"","overlay-color":"","overlay-opacity":"","overlay-gradient":""},"mobile":{"background-color":"","background-image":"","background-repeat":"repeat","background-position":"center center","background-size":"auto","background-attachment":"scroll","background-type":"","background-media":"","overlay-type":"","overlay-color":"","overlay-opacity":"","overlay-gradient":""}},"ast-content-background-meta":{"desktop":{"background-color":"var(--ast-global-color-5)","background-image":"","background-repeat":"repeat","background-position":"center center","background-size":"auto","background-attachment":"scroll","background-type":"","background-media":"","overlay-type":"","overlay-color":"","overlay-opacity":"","overlay-gradient":""},"tablet":{"background-color":"var(--ast-global-color-5)","background-image":"","background-repeat":"repeat","background-position":"center center","background-size":"auto","background-attachment":"scroll","background-type":"","background-media":"","overlay-type":"","overlay-color":"","overlay-opacity":"","overlay-gradient":""},"mobile":{"background-color":"var(--ast-global-color-5)","background-image":"","background-repeat":"repeat","background-position":"center center","background-size":"auto","background-attachment":"scroll","background-type":"","background-media":"","overlay-type":"","overlay-color":"","overlay-opacity":"","overlay-gradient":""}},"iawp_total_views":78,"footnotes":""},"class_list":["post-6266","page","type-page","status-publish","hentry"],"uagb_featured_image_src":{"full":false,"thumbnail":false,"medium":false,"medium_large":false,"large":false,"1536x1536":false,"2048x2048":false},"uagb_author_info":{"display_name":"admin","author_link":"https:\/\/www.aetomazribeiro.net\/wpress\/author\/admin\/"},"uagb_comment_info":0,"uagb_excerpt":"Or\u00e7amento Participativo das Escolas 2026","_links":{"self":[{"href":"https:\/\/www.aetomazribeiro.net\/wpress\/wp-json\/wp\/v2\/pages\/6266","targetHints":{"allow":["GET"]}}],"collection":[{"href":"https:\/\/www.aetomazribeiro.net\/wpress\/wp-json\/wp\/v2\/pages"}],"about":[{"href":"https:\/\/www.aetomazribeiro.net\/wpress\/wp-json\/wp\/v2\/types\/page"}],"author":[{"embeddable":true,"href":"https:\/\/www.aetomazribeiro.net\/wpress\/wp-json\/wp\/v2\/users\/1"}],"replies":[{"embeddable":true,"href":"https:\/\/www.aetomazribeiro.net\/wpress\/wp-json\/wp\/v2\/comments?post=6266"}],"version-history":[{"count":2,"href":"https:\/\/www.aetomazribeiro.net\/wpress\/wp-json\/wp\/v2\/pages\/6266\/revisions"}],"predecessor-version":[{"id":6276,"href":"https:\/\/www.aetomazribeiro.net\/wpress\/wp-json\/wp\/v2\/pages\/6266\/revisions\/6276"}],"wp:attachment":[{"href":"https:\/\/www.aetomazribeiro.net\/wpress\/wp-json\/wp\/v2\/media?parent=6266"}],"curies":[{"name":"wp","href":"https:\/\/api.w.org\/{rel}","templated":true}]}}