{"id":5887,"date":"2025-12-11T17:36:47","date_gmt":"2025-12-11T17:36:47","guid":{"rendered":"https:\/\/www.aetomazribeiro.net\/wpress\/?page_id=5887"},"modified":"2026-03-20T09:41:54","modified_gmt":"2026-03-20T09:41:54","slug":"concurso-diretor-agrupamento","status":"publish","type":"page","link":"https:\/\/www.aetomazribeiro.net\/wpress\/concurso-diretor-agrupamento\/","title":{"rendered":"Concurso Diretor Agrupamento"},"content":{"rendered":"\n<h3 class=\"wp-block-heading has-text-align-center\">Concurso para Provimento do Lugar de Diretor do Agrupamento<\/h3>\n\n\n\n<div style=\"height:100px\" aria-hidden=\"true\" class=\"wp-block-spacer\"><\/div>\n\n\n\n<h3 class=\"wp-block-heading has-text-align-center\">Divulga\u00e7\u00e3o da Tomada de Posse do Diretor<\/h3>\n\n\n\n<div data-wp-interactive=\"core\/file\" class=\"wp-block-file\"><object data-wp-bind--hidden=\"!state.hasPdfPreview\" hidden class=\"wp-block-file__embed\" data=\"https:\/\/www.aetomazribeiro.net\/wpress\/wp-content\/uploads\/2026\/03\/Informacao-CG6-18mar2026.pdf\" type=\"application\/pdf\" style=\"width:100%;height:600px\" aria-label=\"Incorpora\u00e7\u00e3o de Informa\u00e7\u00e3o N.\u00ba 6: Conselho Geral -18mar2026.\"><\/object><a id=\"wp-block-file--media-e2a22fae-1296-4d9a-9f7d-d957204f7a5b\" href=\"https:\/\/www.aetomazribeiro.net\/wpress\/wp-content\/uploads\/2026\/03\/Informacao-CG6-18mar2026.pdf\">Informa\u00e7\u00e3o N.\u00ba 6: Conselho Geral -18mar2026<\/a><a href=\"https:\/\/www.aetomazribeiro.net\/wpress\/wp-content\/uploads\/2026\/03\/Informacao-CG6-18mar2026.pdf\" class=\"wp-block-file__button wp-element-button\" download aria-describedby=\"wp-block-file--media-e2a22fae-1296-4d9a-9f7d-d957204f7a5b\">Descarregar<\/a><\/div>\n\n\n\n<div class=\"wp-block-file\"><a id=\"wp-block-file--media-88875185-bea0-4ec0-b314-1aa866743b68\" href=\"https:\/\/www.aetomazribeiro.net\/wpress\/wp-content\/uploads\/2026\/03\/Publicar-Lista-definit-graduacao-candidato-eleito-2026.pdf\">Lista definitiva gradua\u00e7\u00e3o candidato eleito &#8211; 2026\/2030<\/a><a href=\"https:\/\/www.aetomazribeiro.net\/wpress\/wp-content\/uploads\/2026\/03\/Publicar-Lista-definit-graduacao-candidato-eleito-2026.pdf\" class=\"wp-block-file__button wp-element-button\" download aria-describedby=\"wp-block-file--media-88875185-bea0-4ec0-b314-1aa866743b68\">Descarregar<\/a><\/div>\n\n\n\n<div class=\"wp-block-file\"><a id=\"wp-block-file--media-6173334c-3f3e-4693-b046-b35bb6ee208f\" href=\"https:\/\/www.aetomazribeiro.net\/wpress\/wp-content\/uploads\/2026\/03\/Informacao-no5-CG-eleicao-Diretor.pdf\">Informa\u00e7\u00e3o n\u00ba5 &#8211; Conselho Geral: Elei\u00e7\u00e3o do Diretor<\/a><a href=\"https:\/\/www.aetomazribeiro.net\/wpress\/wp-content\/uploads\/2026\/03\/Informacao-no5-CG-eleicao-Diretor.pdf\" class=\"wp-block-file__button wp-element-button\" download aria-describedby=\"wp-block-file--media-6173334c-3f3e-4693-b046-b35bb6ee208f\">Descarregar<\/a><\/div>\n\n\n\n<div class=\"wp-block-file\"><a id=\"wp-block-file--media-e67871fb-3d63-4971-ad45-ae3bfabf822e\" href=\"https:\/\/www.aetomazribeiro.net\/wpress\/wp-content\/uploads\/2026\/01\/Candidatos-admitidos-2026.pdf\">Candidatos admitidos 2026<\/a><a href=\"https:\/\/www.aetomazribeiro.net\/wpress\/wp-content\/uploads\/2026\/01\/Candidatos-admitidos-2026.pdf\" class=\"wp-block-file__button wp-element-button\" download aria-describedby=\"wp-block-file--media-e67871fb-3d63-4971-ad45-ae3bfabf822e\">Descarregar<\/a><\/div>\n\n\n\n<div class=\"wp-block-file\"><a id=\"wp-block-file--media-646005b2-ebc6-4099-a894-3c3c0f45d9d4\" href=\"https:\/\/www.aetomazribeiro.net\/wpress\/wp-content\/uploads\/2025\/12\/DR-Concurso_Diretor_AETTR.pdf\">Aviso de Abertura do concurso para o lugar de Diretor 2026\/2030<\/a><a href=\"https:\/\/www.aetomazribeiro.net\/wpress\/wp-content\/uploads\/2025\/12\/DR-Concurso_Diretor_AETTR.pdf\" class=\"wp-block-file__button wp-element-button\" download aria-describedby=\"wp-block-file--media-646005b2-ebc6-4099-a894-3c3c0f45d9d4\">Descarregar<\/a><\/div>\n\n\n\n<div class=\"wp-block-file\"><a id=\"wp-block-file--media-85cb583a-100f-470a-b97c-788dabe4c25a\" href=\"https:\/\/www.aetomazribeiro.net\/wpress\/wp-content\/uploads\/2025\/12\/Regulamento-eleicao-diretor-AETTR-2025-26.pdf\">Regulamento elei\u00e7\u00e3o diretor AETTR 2025-26<\/a><a href=\"https:\/\/www.aetomazribeiro.net\/wpress\/wp-content\/uploads\/2025\/12\/Regulamento-eleicao-diretor-AETTR-2025-26.pdf\" class=\"wp-block-file__button wp-element-button\" download aria-describedby=\"wp-block-file--media-85cb583a-100f-470a-b97c-788dabe4c25a\">Descarregar<\/a><\/div>\n\n\n\n<div class=\"wp-block-file\"><a id=\"wp-block-file--media-2560dd6c-1ba2-4108-9cd5-7f242a6089bb\" href=\"https:\/\/www.aetomazribeiro.net\/wpress\/wp-content\/uploads\/2025\/12\/Requerimento-admissao-concurso-AETTR-2025.doc\" target=\"_blank\" rel=\"noreferrer noopener\">Requerimento admiss\u00e3o concurso AETTR 2025<\/a><a href=\"https:\/\/www.aetomazribeiro.net\/wpress\/wp-content\/uploads\/2025\/12\/Requerimento-admissao-concurso-AETTR-2025.doc\" class=\"wp-block-file__button wp-element-button\" download aria-describedby=\"wp-block-file--media-2560dd6c-1ba2-4108-9cd5-7f242a6089bb\">Descarregar<\/a><\/div>\n\n\n\n<p><\/p>\n","protected":false},"excerpt":{"rendered":"<p>Concurso para Provimento do Lugar de Diretor do Agrupamento Divulga\u00e7\u00e3o da Tomada de Posse do Diretor<\/p>\n","protected":false},"author":1,"featured_media":0,"parent":0,"menu_order":0,"comment_status":"closed","ping_status":"closed","template":"","meta":{"_uag_custom_page_level_css":"","site-sidebar-layout":"default","site-content-layout":"","ast-site-content-layout":"default","site-content-style":"default","site-sidebar-style":"default","ast-global-header-display":"","ast-banner-title-visibility":"","ast-main-header-display":"","ast-hfb-above-header-display":"","ast-hfb-below-header-display":"","ast-hfb-mobile-header-display":"","site-post-title":"disabled","ast-breadcrumbs-content":"","ast-featured-img":"","footer-sml-layout":"","ast-disable-related-posts":"","theme-transparent-header-meta":"","adv-header-id-meta":"","stick-header-meta":"","header-above-stick-meta":"","header-main-stick-meta":"","header-below-stick-meta":"","astra-migrate-meta-layouts":"set","ast-page-background-enabled":"default","ast-page-background-meta":{"desktop":{"background-color":"","background-image":"","background-repeat":"repeat","background-position":"center center","background-size":"auto","background-attachment":"scroll","background-type":"","background-media":"","overlay-type":"","overlay-color":"","overlay-opacity":"","overlay-gradient":""},"tablet":{"background-color":"","background-image":"","background-repeat":"repeat","background-position":"center center","background-size":"auto","background-attachment":"scroll","background-type":"","background-media":"","overlay-type":"","overlay-color":"","overlay-opacity":"","overlay-gradient":""},"mobile":{"background-color":"","background-image":"","background-repeat":"repeat","background-position":"center center","background-size":"auto","background-attachment":"scroll","background-type":"","background-media":"","overlay-type":"","overlay-color":"","overlay-opacity":"","overlay-gradient":""}},"ast-content-background-meta":{"desktop":{"background-color":"var(--ast-global-color-5)","background-image":"","background-repeat":"repeat","background-position":"center center","background-size":"auto","background-attachment":"scroll","background-type":"","background-media":"","overlay-type":"","overlay-color":"","overlay-opacity":"","overlay-gradient":""},"tablet":{"background-color":"var(--ast-global-color-5)","background-image":"","background-repeat":"repeat","background-position":"center center","background-size":"auto","background-attachment":"scroll","background-type":"","background-media":"","overlay-type":"","overlay-color":"","overlay-opacity":"","overlay-gradient":""},"mobile":{"background-color":"var(--ast-global-color-5)","background-image":"","background-repeat":"repeat","background-position":"center center","background-size":"auto","background-attachment":"scroll","background-type":"","background-media":"","overlay-type":"","overlay-color":"","overlay-opacity":"","overlay-gradient":""}},"iawp_total_views":522,"footnotes":""},"class_list":["post-5887","page","type-page","status-publish","hentry"],"uagb_featured_image_src":{"full":false,"thumbnail":false,"medium":false,"medium_large":false,"large":false,"1536x1536":false,"2048x2048":false},"uagb_author_info":{"display_name":"admin","author_link":"https:\/\/www.aetomazribeiro.net\/wpress\/author\/admin\/"},"uagb_comment_info":0,"uagb_excerpt":"Concurso para Provimento do Lugar de Diretor do Agrupamento Divulga\u00e7\u00e3o da Tomada de Posse do Diretor","_links":{"self":[{"href":"https:\/\/www.aetomazribeiro.net\/wpress\/wp-json\/wp\/v2\/pages\/5887","targetHints":{"allow":["GET"]}}],"collection":[{"href":"https:\/\/www.aetomazribeiro.net\/wpress\/wp-json\/wp\/v2\/pages"}],"about":[{"href":"https:\/\/www.aetomazribeiro.net\/wpress\/wp-json\/wp\/v2\/types\/page"}],"author":[{"embeddable":true,"href":"https:\/\/www.aetomazribeiro.net\/wpress\/wp-json\/wp\/v2\/users\/1"}],"replies":[{"embeddable":true,"href":"https:\/\/www.aetomazribeiro.net\/wpress\/wp-json\/wp\/v2\/comments?post=5887"}],"version-history":[{"count":7,"href":"https:\/\/www.aetomazribeiro.net\/wpress\/wp-json\/wp\/v2\/pages\/5887\/revisions"}],"predecessor-version":[{"id":6342,"href":"https:\/\/www.aetomazribeiro.net\/wpress\/wp-json\/wp\/v2\/pages\/5887\/revisions\/6342"}],"wp:attachment":[{"href":"https:\/\/www.aetomazribeiro.net\/wpress\/wp-json\/wp\/v2\/media?parent=5887"}],"curies":[{"name":"wp","href":"https:\/\/api.w.org\/{rel}","templated":true}]}}