{"id":5477,"date":"2025-09-10T18:10:53","date_gmt":"2025-09-10T18:10:53","guid":{"rendered":"https:\/\/www.aetomazribeiro.net\/wpress\/?page_id=5477"},"modified":"2025-10-31T10:03:15","modified_gmt":"2025-10-31T10:03:15","slug":"concurso-diretor-cfae","status":"publish","type":"page","link":"https:\/\/www.aetomazribeiro.net\/wpress\/concurso-diretor-cfae\/","title":{"rendered":"Concurso Diretor CFAE"},"content":{"rendered":"\n<h2 class=\"wp-block-heading has-text-align-center\"><\/h2>\n\n\n\n<h2 class=\"wp-block-heading has-text-align-center\">Concurso para provimento do lugar de Diretor do Centro de Forma\u00e7\u00e3o da Associa\u00e7\u00e3o de Escolas do Planalto Beir\u00e3o<\/h2>\n\n\n\n<figure class=\"wp-block-image aligncenter size-full is-resized\"><img fetchpriority=\"high\" decoding=\"async\" width=\"512\" height=\"512\" src=\"https:\/\/www.aetomazribeiro.net\/wpress\/wp-content\/uploads\/2025\/09\/candidatos.png\" alt=\"\" class=\"wp-image-5478\" style=\"width:238px;height:auto\" srcset=\"https:\/\/www.aetomazribeiro.net\/wpress\/wp-content\/uploads\/2025\/09\/candidatos.png 512w, https:\/\/www.aetomazribeiro.net\/wpress\/wp-content\/uploads\/2025\/09\/candidatos-300x300.png 300w, https:\/\/www.aetomazribeiro.net\/wpress\/wp-content\/uploads\/2025\/09\/candidatos-150x150.png 150w\" sizes=\"(max-width: 512px) 100vw, 512px\" \/><\/figure>\n\n\n\n<div data-wp-interactive=\"core\/file\" class=\"wp-block-file\"><object data-wp-bind--hidden=\"!state.hasPdfPreview\" hidden class=\"wp-block-file__embed\" data=\"https:\/\/www.aetomazribeiro.net\/wpress\/wp-content\/uploads\/2025\/10\/Lista-graduada-provisoria-dos-candidatos.pdf\" type=\"application\/pdf\" style=\"width:100%;height:600px\" aria-label=\"Incorpora\u00e7\u00e3o de Lista graduada provis\u00f3ria dos candidatos.\"><\/object><a id=\"wp-block-file--media-c45e487d-5e42-4530-911d-f9d0417831e4\" href=\"https:\/\/www.aetomazribeiro.net\/wpress\/wp-content\/uploads\/2025\/10\/Lista-graduada-provisoria-dos-candidatos.pdf\" target=\"_blank\" rel=\"noreferrer noopener\">Lista graduada provis\u00f3ria dos candidatos<\/a><a href=\"https:\/\/www.aetomazribeiro.net\/wpress\/wp-content\/uploads\/2025\/10\/Lista-graduada-provisoria-dos-candidatos.pdf\" class=\"wp-block-file__button wp-element-button\" download aria-describedby=\"wp-block-file--media-c45e487d-5e42-4530-911d-f9d0417831e4\">Descarregar<\/a><\/div>\n\n\n\n<div class=\"wp-block-file\"><a id=\"wp-block-file--media-83d349e8-adf3-4f1c-8b0d-38eeb6878703\" href=\"https:\/\/www.aetomazribeiro.net\/wpress\/wp-content\/uploads\/2025\/10\/Lista-de-candidatos-admitidos-e-excluidos.pdf\"><strong>Lista de candidatos admitidos e exclu\u00eddos<\/strong><\/a><a href=\"https:\/\/www.aetomazribeiro.net\/wpress\/wp-content\/uploads\/2025\/10\/Lista-de-candidatos-admitidos-e-excluidos.pdf\" class=\"wp-block-file__button wp-element-button\" download aria-describedby=\"wp-block-file--media-83d349e8-adf3-4f1c-8b0d-38eeb6878703\">Descarregar<\/a><\/div>\n\n\n\n<div class=\"wp-block-file\"><a id=\"wp-block-file--media-46cb83bf-04ac-484c-8141-34ec355803da\" href=\"https:\/\/www.aetomazribeiro.net\/wpress\/wp-content\/uploads\/2025\/09\/Aviso-de-Abertura.pdf\"><strong>Aviso de Abertura<\/strong><\/a><a href=\"https:\/\/www.aetomazribeiro.net\/wpress\/wp-content\/uploads\/2025\/09\/Aviso-de-Abertura.pdf\" class=\"wp-block-file__button wp-element-button\" download aria-describedby=\"wp-block-file--media-46cb83bf-04ac-484c-8141-34ec355803da\">Descarregar<\/a><\/div>\n\n\n\n<div class=\"wp-block-file\"><a id=\"wp-block-file--media-02aadba0-feb5-4f50-87aa-1031a45e2741\" href=\"https:\/\/www.aetomazribeiro.net\/wpress\/wp-content\/uploads\/2025\/09\/Regulamento_Concurso_CFAE.pdf\" target=\"_blank\" rel=\"noreferrer noopener\"><mark style=\"background-color:rgba(0, 0, 0, 0)\" class=\"has-inline-color has-ast-global-color-2-color\"><strong>Regulamento do Concurso CFAE<\/strong><\/mark><\/a><a href=\"https:\/\/www.aetomazribeiro.net\/wpress\/wp-content\/uploads\/2025\/09\/Regulamento_Concurso_CFAE.pdf\" class=\"wp-block-file__button wp-element-button\" download aria-describedby=\"wp-block-file--media-02aadba0-feb5-4f50-87aa-1031a45e2741\">Descarregar<\/a><\/div>\n\n\n\n<div class=\"wp-block-file\"><a id=\"wp-block-file--media-9c55f60e-e30f-43db-a74a-4e960190f0ca\" href=\"https:\/\/www.aetomazribeiro.net\/wpress\/wp-content\/uploads\/2025\/09\/Modelo-de-requerimento.pdf\" target=\"_blank\" rel=\"noreferrer noopener\"><strong>Modelo de Requerimento<\/strong><\/a><a href=\"https:\/\/www.aetomazribeiro.net\/wpress\/wp-content\/uploads\/2025\/09\/Modelo-de-requerimento.pdf\" class=\"wp-block-file__button wp-element-button\" download aria-describedby=\"wp-block-file--media-9c55f60e-e30f-43db-a74a-4e960190f0ca\">Descarregar<\/a><\/div>\n\n\n\n<p><\/p>\n\n\n\n<div class=\"wp-block-uagb-image uagb-block-ab5577c1 wp-block-uagb-image--layout-default wp-block-uagb-image--effect-static wp-block-uagb-image--align-none\"><figure class=\"wp-block-uagb-image__figure\"><\/figure><\/div>\n\n\n\n<p><\/p>\n","protected":false},"excerpt":{"rendered":"<p>Concurso para provimento do lugar de Diretor do Centro de Forma\u00e7\u00e3o da Associa\u00e7\u00e3o de Escolas do Planalto Beir\u00e3o<\/p>\n","protected":false},"author":1,"featured_media":0,"parent":0,"menu_order":0,"comment_status":"closed","ping_status":"closed","template":"","meta":{"_uag_custom_page_level_css":"","site-sidebar-layout":"default","site-content-layout":"","ast-site-content-layout":"default","site-content-style":"default","site-sidebar-style":"default","ast-global-header-display":"","ast-banner-title-visibility":"","ast-main-header-display":"","ast-hfb-above-header-display":"","ast-hfb-below-header-display":"","ast-hfb-mobile-header-display":"","site-post-title":"disabled","ast-breadcrumbs-content":"","ast-featured-img":"","footer-sml-layout":"","ast-disable-related-posts":"","theme-transparent-header-meta":"","adv-header-id-meta":"","stick-header-meta":"","header-above-stick-meta":"","header-main-stick-meta":"","header-below-stick-meta":"","astra-migrate-meta-layouts":"set","ast-page-background-enabled":"default","ast-page-background-meta":{"desktop":{"background-color":"","background-image":"","background-repeat":"repeat","background-position":"center center","background-size":"auto","background-attachment":"scroll","background-type":"","background-media":"","overlay-type":"","overlay-color":"","overlay-opacity":"","overlay-gradient":""},"tablet":{"background-color":"","background-image":"","background-repeat":"repeat","background-position":"center center","background-size":"auto","background-attachment":"scroll","background-type":"","background-media":"","overlay-type":"","overlay-color":"","overlay-opacity":"","overlay-gradient":""},"mobile":{"background-color":"","background-image":"","background-repeat":"repeat","background-position":"center center","background-size":"auto","background-attachment":"scroll","background-type":"","background-media":"","overlay-type":"","overlay-color":"","overlay-opacity":"","overlay-gradient":""}},"ast-content-background-meta":{"desktop":{"background-color":"var(--ast-global-color-5)","background-image":"","background-repeat":"repeat","background-position":"center center","background-size":"auto","background-attachment":"scroll","background-type":"","background-media":"","overlay-type":"","overlay-color":"","overlay-opacity":"","overlay-gradient":""},"tablet":{"background-color":"var(--ast-global-color-5)","background-image":"","background-repeat":"repeat","background-position":"center center","background-size":"auto","background-attachment":"scroll","background-type":"","background-media":"","overlay-type":"","overlay-color":"","overlay-opacity":"","overlay-gradient":""},"mobile":{"background-color":"var(--ast-global-color-5)","background-image":"","background-repeat":"repeat","background-position":"center center","background-size":"auto","background-attachment":"scroll","background-type":"","background-media":"","overlay-type":"","overlay-color":"","overlay-opacity":"","overlay-gradient":""}},"iawp_total_views":787,"footnotes":""},"class_list":["post-5477","page","type-page","status-publish","hentry"],"uagb_featured_image_src":{"full":false,"thumbnail":false,"medium":false,"medium_large":false,"large":false,"1536x1536":false,"2048x2048":false},"uagb_author_info":{"display_name":"admin","author_link":"https:\/\/www.aetomazribeiro.net\/wpress\/author\/admin\/"},"uagb_comment_info":0,"uagb_excerpt":"Concurso para provimento do lugar de Diretor do Centro de Forma\u00e7\u00e3o da Associa\u00e7\u00e3o de Escolas do Planalto Beir\u00e3o","_links":{"self":[{"href":"https:\/\/www.aetomazribeiro.net\/wpress\/wp-json\/wp\/v2\/pages\/5477","targetHints":{"allow":["GET"]}}],"collection":[{"href":"https:\/\/www.aetomazribeiro.net\/wpress\/wp-json\/wp\/v2\/pages"}],"about":[{"href":"https:\/\/www.aetomazribeiro.net\/wpress\/wp-json\/wp\/v2\/types\/page"}],"author":[{"embeddable":true,"href":"https:\/\/www.aetomazribeiro.net\/wpress\/wp-json\/wp\/v2\/users\/1"}],"replies":[{"embeddable":true,"href":"https:\/\/www.aetomazribeiro.net\/wpress\/wp-json\/wp\/v2\/comments?post=5477"}],"version-history":[{"count":0,"href":"https:\/\/www.aetomazribeiro.net\/wpress\/wp-json\/wp\/v2\/pages\/5477\/revisions"}],"wp:attachment":[{"href":"https:\/\/www.aetomazribeiro.net\/wpress\/wp-json\/wp\/v2\/media?parent=5477"}],"curies":[{"name":"wp","href":"https:\/\/api.w.org\/{rel}","templated":true}]}}