{"id":5274,"date":"2025-07-16T13:30:31","date_gmt":"2025-07-16T13:30:31","guid":{"rendered":"https:\/\/www.aetomazribeiro.net\/wpress\/?page_id=5274"},"modified":"2025-12-20T18:21:08","modified_gmt":"2025-12-20T18:21:08","slug":"bibliotecas-escolares","status":"publish","type":"page","link":"https:\/\/www.aetomazribeiro.net\/wpress\/bibliotecas-escolares\/","title":{"rendered":"Bibliotecas Escolares"},"content":{"rendered":"\n<h2 class=\"wp-block-heading has-text-align-center\">Bibliotecas Escolares<\/h2>\n\n\n\n<figure class=\"wp-block-image aligncenter size-large is-resized\"><img fetchpriority=\"high\" decoding=\"async\" width=\"1024\" height=\"303\" src=\"https:\/\/www.aetomazribeiro.net\/wpress\/wp-content\/uploads\/2025\/09\/Foto_Facebook_BE-1024x303.png\" alt=\"\" class=\"wp-image-5499\" style=\"box-shadow:var(--wp--preset--shadow--natural);width:1040px;height:auto\" srcset=\"https:\/\/www.aetomazribeiro.net\/wpress\/wp-content\/uploads\/2025\/09\/Foto_Facebook_BE-1024x303.png 1024w, https:\/\/www.aetomazribeiro.net\/wpress\/wp-content\/uploads\/2025\/09\/Foto_Facebook_BE-300x89.png 300w, https:\/\/www.aetomazribeiro.net\/wpress\/wp-content\/uploads\/2025\/09\/Foto_Facebook_BE-768x227.png 768w, https:\/\/www.aetomazribeiro.net\/wpress\/wp-content\/uploads\/2025\/09\/Foto_Facebook_BE.png 1075w\" sizes=\"(max-width: 1024px) 100vw, 1024px\" \/><\/figure>\n\n\n\n<div style=\"height:76px\" aria-hidden=\"true\" class=\"wp-block-spacer\"><\/div>\n\n\n\n<p class=\"has-black-color has-text-color has-link-color wp-elements-788bf01fe60416b50fed563dffcbabac\">As Bibliotecas Escolares do agrupamento oferecem um manancial de recursos f\u00edsicos e digitais que est\u00e3o ao dispor de todos os alunos\/professores e demais agentes educativos, com o intuito de contribuir para a promo\u00e7\u00e3o do sucesso escolar e para a forma\u00e7\u00e3o de toda a comunidade. Al\u00e9m dos recursos e servi\u00e7os que disponibilizam, as Bibliotecas desenvolvem um conjunto de projetos\/a\u00e7\u00f5es de promo\u00e7\u00e3o da leitura e das literacias, em articula\u00e7\u00e3o com outros agentes e estruturas do agrupamento, a Rede de Bibliotecas de Tondela (RBT), o munic\u00edpio e outras for\u00e7as vivas da comunidade, em conformidade com o projeto educativo e linhas de a\u00e7\u00e3o estrat\u00e9gica do agrupamento.&nbsp;<\/p>\n\n\n\n<div style=\"height:61px\" aria-hidden=\"true\" class=\"wp-block-spacer\"><\/div>\n\n\n\n<p class=\"has-text-align-center has-black-color has-text-color has-link-color wp-elements-6b428b5b80212cfb8eb58661a27b7630\"><strong>OUTROS CANAIS DE COMUNICA\u00c7\u00c3O DAS BIBLIOTECAS:&nbsp;&nbsp;<\/strong><\/p>\n\n\n\n<div class=\"wp-block-uagb-container uagb-block-ed9546d6 alignfull uagb-is-root-container\"><div class=\"uagb-container-inner-blocks-wrap\">\n<div class=\"wp-block-uagb-container uagb-block-03e5efd6\">\n<figure class=\"wp-block-image aligncenter size-thumbnail is-resized\"><a href=\"https:\/\/www.facebook.com\/Bibliotecas-AE-Tondela-Tomaz-Ribeiro-180056806241082\" target=\"_blank\" rel=\" noreferrer noopener\"><img decoding=\"async\" width=\"150\" height=\"150\" src=\"https:\/\/www.aetomazribeiro.net\/wpress\/wp-content\/uploads\/2025\/09\/facebook-150x150.png\" alt=\"\" class=\"wp-image-5495\" style=\"width:80px\" srcset=\"https:\/\/www.aetomazribeiro.net\/wpress\/wp-content\/uploads\/2025\/09\/facebook-150x150.png 150w, https:\/\/www.aetomazribeiro.net\/wpress\/wp-content\/uploads\/2025\/09\/facebook-300x300.png 300w, https:\/\/www.aetomazribeiro.net\/wpress\/wp-content\/uploads\/2025\/09\/facebook.png 512w\" sizes=\"(max-width: 150px) 100vw, 150px\" \/><\/a><\/figure>\n<\/div>\n\n\n\n<div class=\"wp-block-uagb-container uagb-block-b601d2bb\">\n<figure class=\"wp-block-image aligncenter size-thumbnail is-resized\"><a href=\"https:\/\/www.instagram.com\/bibliotecastomazribeiro\/\" target=\"_blank\" rel=\" noreferrer noopener\"><img decoding=\"async\" width=\"150\" height=\"150\" src=\"https:\/\/www.aetomazribeiro.net\/wpress\/wp-content\/uploads\/2025\/09\/instagram-150x150.png\" alt=\"\" class=\"wp-image-5496\" style=\"width:80px\" srcset=\"https:\/\/www.aetomazribeiro.net\/wpress\/wp-content\/uploads\/2025\/09\/instagram-150x150.png 150w, https:\/\/www.aetomazribeiro.net\/wpress\/wp-content\/uploads\/2025\/09\/instagram-300x300.png 300w, https:\/\/www.aetomazribeiro.net\/wpress\/wp-content\/uploads\/2025\/09\/instagram.png 512w\" sizes=\"(max-width: 150px) 100vw, 150px\" \/><\/a><\/figure>\n<\/div>\n\n\n\n<div class=\"wp-block-uagb-container uagb-block-97a086a7\">\n<figure class=\"wp-block-image aligncenter size-thumbnail is-resized\"><a href=\"https:\/\/www.youtube.com\/@BibliotecasdoAEdeTondelaTomazR\" target=\"_blank\" rel=\" noreferrer noopener\"><img loading=\"lazy\" decoding=\"async\" width=\"150\" height=\"150\" src=\"https:\/\/www.aetomazribeiro.net\/wpress\/wp-content\/uploads\/2025\/09\/youtube-150x150.png\" alt=\"\" class=\"wp-image-5497\" style=\"width:80px\" srcset=\"https:\/\/www.aetomazribeiro.net\/wpress\/wp-content\/uploads\/2025\/09\/youtube-150x150.png 150w, https:\/\/www.aetomazribeiro.net\/wpress\/wp-content\/uploads\/2025\/09\/youtube-300x300.png 300w, https:\/\/www.aetomazribeiro.net\/wpress\/wp-content\/uploads\/2025\/09\/youtube.png 512w\" sizes=\"(max-width: 150px) 100vw, 150px\" \/><\/a><\/figure>\n<\/div>\n\n\n\n<div class=\"wp-block-uagb-container uagb-block-22a86b00\">\n<figure class=\"wp-block-image aligncenter size-thumbnail is-resized\"><a href=\"http:\/\/a-vida-secreta-das-palavras.blogspot.com\/\" target=\"_blank\" rel=\" noreferrer noopener\"><img loading=\"lazy\" decoding=\"async\" width=\"150\" height=\"150\" src=\"https:\/\/www.aetomazribeiro.net\/wpress\/wp-content\/uploads\/2025\/09\/blogger-150x150.png\" alt=\"\" class=\"wp-image-5498\" style=\"width:80px\" srcset=\"https:\/\/www.aetomazribeiro.net\/wpress\/wp-content\/uploads\/2025\/09\/blogger-150x150.png 150w, https:\/\/www.aetomazribeiro.net\/wpress\/wp-content\/uploads\/2025\/09\/blogger-300x300.png 300w, https:\/\/www.aetomazribeiro.net\/wpress\/wp-content\/uploads\/2025\/09\/blogger.png 512w\" sizes=\"(max-width: 150px) 100vw, 150px\" \/><\/a><\/figure>\n<\/div>\n<\/div><\/div>\n\n\n\n<div style=\"height:50px\" aria-hidden=\"true\" class=\"wp-block-spacer\"><\/div>\n\n\n\n<p class=\"has-black-color has-text-color has-link-color wp-elements-09023ab1552b8026ecffe1ff7a585587\"><a href=\"https:\/\/padlet.com\/bibliotecas3_1\/di-rio-de-bordo-do-programa-aler-mais-e-melhor-do-ae-tondela-zoql3b8mfzro78ig\">DI\u00c1RIO DE BORDO DO PROGRAMA ALER MAIS E MELHOR \u201cSomos+ aLer+\u201d:<\/a><\/p>\n\n\n\n<p class=\"has-black-color has-text-color has-link-color wp-elements-7cf60aacb4f2d9bec2035fe0e4b137e9\"><a href=\"https:\/\/view.genially.com\/66e975ad6bd2ef425f38f91e\/learning-experience-didactic-unit-camoesengenhoearte-mode-lo\">CAM\u00d5ES, ENGENHO E ARTE: Celebra\u00e7\u00e3o dos 500 Anos do Nascimento de Lu\u00eds Vaz de Cam\u00f5es<\/a><\/p>\n\n\n\n<div style=\"height:84px\" aria-hidden=\"true\" class=\"wp-block-spacer\"><\/div>\n\n\n\n<p><a href=\"https:\/\/www.facebook.com\/share\/p\/1NBbQF6o2M\/\">Cinema em Fam\u00edlia<\/a><\/p>\n\n\n\n<p><a href=\"https:\/\/www.facebook.com\/share\/p\/1Axp8L9468\">UM ENCONTRO DE GERA\u00c7\u00d5ES: LA\u00c7OS DE LEITURA, M\u00daSICA E TERNURA<\/a><\/p>\n\n\n\n<p><a href=\"https:\/\/www.facebook.com\/share\/p\/1C4MiDRrJP\">A Magia da Inclus\u00e3o Ilumina o Nosso Natal!<\/a><\/p>\n\n\n\n<div style=\"height:48px\" aria-hidden=\"true\" class=\"wp-block-spacer\"><\/div>\n\n\n\n<p>CONTACTOS:&nbsp;<a href=\"mailto:bibliotecas@aetomazribeiro.net\" target=\"_blank\" rel=\"noreferrer noopener\">bibliotecas@aetomazribeiro.net<\/a><\/p>\n\n\n\n<p><\/p>\n","protected":false},"excerpt":{"rendered":"<p>Bibliotecas Escolares As Bibliotecas Escolares do agrupamento oferecem um manancial de recursos f\u00edsicos e digitais que est\u00e3o ao dispor de [&hellip;]<\/p>\n","protected":false},"author":1,"featured_media":0,"parent":0,"menu_order":0,"comment_status":"closed","ping_status":"closed","template":"","meta":{"_uag_custom_page_level_css":"","site-sidebar-layout":"default","site-content-layout":"","ast-site-content-layout":"default","site-content-style":"default","site-sidebar-style":"default","ast-global-header-display":"","ast-banner-title-visibility":"","ast-main-header-display":"","ast-hfb-above-header-display":"","ast-hfb-below-header-display":"","ast-hfb-mobile-header-display":"","site-post-title":"disabled","ast-breadcrumbs-content":"","ast-featured-img":"","footer-sml-layout":"","ast-disable-related-posts":"","theme-transparent-header-meta":"","adv-header-id-meta":"","stick-header-meta":"","header-above-stick-meta":"","header-main-stick-meta":"","header-below-stick-meta":"","astra-migrate-meta-layouts":"set","ast-page-background-enabled":"default","ast-page-background-meta":{"desktop":{"background-color":"","background-image":"","background-repeat":"repeat","background-position":"center center","background-size":"auto","background-attachment":"scroll","background-type":"","background-media":"","overlay-type":"","overlay-color":"","overlay-opacity":"","overlay-gradient":""},"tablet":{"background-color":"","background-image":"","background-repeat":"repeat","background-position":"center center","background-size":"auto","background-attachment":"scroll","background-type":"","background-media":"","overlay-type":"","overlay-color":"","overlay-opacity":"","overlay-gradient":""},"mobile":{"background-color":"","background-image":"","background-repeat":"repeat","background-position":"center center","background-size":"auto","background-attachment":"scroll","background-type":"","background-media":"","overlay-type":"","overlay-color":"","overlay-opacity":"","overlay-gradient":""}},"ast-content-background-meta":{"desktop":{"background-color":"var(--ast-global-color-5)","background-image":"","background-repeat":"repeat","background-position":"center center","background-size":"auto","background-attachment":"scroll","background-type":"","background-media":"","overlay-type":"","overlay-color":"","overlay-opacity":"","overlay-gradient":""},"tablet":{"background-color":"var(--ast-global-color-5)","background-image":"","background-repeat":"repeat","background-position":"center center","background-size":"auto","background-attachment":"scroll","background-type":"","background-media":"","overlay-type":"","overlay-color":"","overlay-opacity":"","overlay-gradient":""},"mobile":{"background-color":"var(--ast-global-color-5)","background-image":"","background-repeat":"repeat","background-position":"center center","background-size":"auto","background-attachment":"scroll","background-type":"","background-media":"","overlay-type":"","overlay-color":"","overlay-opacity":"","overlay-gradient":""}},"iawp_total_views":386,"footnotes":""},"class_list":["post-5274","page","type-page","status-publish","hentry"],"uagb_featured_image_src":{"full":false,"thumbnail":false,"medium":false,"medium_large":false,"large":false,"1536x1536":false,"2048x2048":false},"uagb_author_info":{"display_name":"admin","author_link":"https:\/\/www.aetomazribeiro.net\/wpress\/author\/admin\/"},"uagb_comment_info":0,"uagb_excerpt":"Bibliotecas Escolares As Bibliotecas Escolares do agrupamento oferecem um manancial de recursos f\u00edsicos e digitais que est\u00e3o ao dispor de [&hellip;]","_links":{"self":[{"href":"https:\/\/www.aetomazribeiro.net\/wpress\/wp-json\/wp\/v2\/pages\/5274","targetHints":{"allow":["GET"]}}],"collection":[{"href":"https:\/\/www.aetomazribeiro.net\/wpress\/wp-json\/wp\/v2\/pages"}],"about":[{"href":"https:\/\/www.aetomazribeiro.net\/wpress\/wp-json\/wp\/v2\/types\/page"}],"author":[{"embeddable":true,"href":"https:\/\/www.aetomazribeiro.net\/wpress\/wp-json\/wp\/v2\/users\/1"}],"replies":[{"embeddable":true,"href":"https:\/\/www.aetomazribeiro.net\/wpress\/wp-json\/wp\/v2\/comments?post=5274"}],"version-history":[{"count":7,"href":"https:\/\/www.aetomazribeiro.net\/wpress\/wp-json\/wp\/v2\/pages\/5274\/revisions"}],"predecessor-version":[{"id":6151,"href":"https:\/\/www.aetomazribeiro.net\/wpress\/wp-json\/wp\/v2\/pages\/5274\/revisions\/6151"}],"wp:attachment":[{"href":"https:\/\/www.aetomazribeiro.net\/wpress\/wp-json\/wp\/v2\/media?parent=5274"}],"curies":[{"name":"wp","href":"https:\/\/api.w.org\/{rel}","templated":true}]}}