{"id":4823,"date":"2025-03-14T12:01:51","date_gmt":"2025-03-14T12:01:51","guid":{"rendered":"https:\/\/www.aetomazribeiro.net\/wpress\/?page_id=4823"},"modified":"2025-03-14T12:05:18","modified_gmt":"2025-03-14T12:05:18","slug":"pessoas2030-2024-2025","status":"publish","type":"page","link":"https:\/\/www.aetomazribeiro.net\/wpress\/pessoas2030-2024-2025\/","title":{"rendered":"Pessoas2030 2024\/2025"},"content":{"rendered":"\n<div data-wp-interactive=\"core\/file\" class=\"wp-block-file has-link-color wp-elements-0a284948a44ea80a92cda676eb83cf1e\"><object data-wp-bind--hidden=\"!state.hasPdfPreview\" hidden class=\"wp-block-file__embed\" data=\"https:\/\/www.aetomazribeiro.net\/wpress\/wp-content\/uploads\/2025\/03\/Ficha-da-Operacao_Profissionais2425_AETR.pdf\" type=\"application\/pdf\" style=\"width:100%;height:1111px\" aria-label=\"Incorpora\u00e7\u00e3o de Ficha da Opera\u00e7\u00e3o_Profissionais2425_AETR.\"><\/object><a id=\"wp-block-file--media-584e186c-5c06-44a2-ac59-b5174a3ba86c\" href=\"https:\/\/www.aetomazribeiro.net\/wpress\/wp-content\/uploads\/2025\/03\/Ficha-da-Operacao_Profissionais2425_AETR.pdf\">Ficha da Opera\u00e7\u00e3o_Profissionais2425_AETR<\/a><\/div>\n\n\n\n<p><\/p>\n","protected":false},"excerpt":{"rendered":"","protected":false},"author":1,"featured_media":0,"parent":0,"menu_order":0,"comment_status":"closed","ping_status":"closed","template":"","meta":{"_uag_custom_page_level_css":"","site-sidebar-layout":"default","site-content-layout":"","ast-site-content-layout":"default","site-content-style":"default","site-sidebar-style":"default","ast-global-header-display":"","ast-banner-title-visibility":"","ast-main-header-display":"","ast-hfb-above-header-display":"","ast-hfb-below-header-display":"","ast-hfb-mobile-header-display":"","site-post-title":"","ast-breadcrumbs-content":"","ast-featured-img":"","footer-sml-layout":"","ast-disable-related-posts":"","theme-transparent-header-meta":"","adv-header-id-meta":"","stick-header-meta":"","header-above-stick-meta":"","header-main-stick-meta":"","header-below-stick-meta":"","astra-migrate-meta-layouts":"set","ast-page-background-enabled":"default","ast-page-background-meta":{"desktop":{"background-color":"","background-image":"","background-repeat":"repeat","background-position":"center center","background-size":"auto","background-attachment":"scroll","background-type":"","background-media":"","overlay-type":"","overlay-color":"","overlay-opacity":"","overlay-gradient":""},"tablet":{"background-color":"","background-image":"","background-repeat":"repeat","background-position":"center center","background-size":"auto","background-attachment":"scroll","background-type":"","background-media":"","overlay-type":"","overlay-color":"","overlay-opacity":"","overlay-gradient":""},"mobile":{"background-color":"","background-image":"","background-repeat":"repeat","background-position":"center center","background-size":"auto","background-attachment":"scroll","background-type":"","background-media":"","overlay-type":"","overlay-color":"","overlay-opacity":"","overlay-gradient":""}},"ast-content-background-meta":{"desktop":{"background-color":"var(--ast-global-color-5)","background-image":"","background-repeat":"repeat","background-position":"center center","background-size":"auto","background-attachment":"scroll","background-type":"","background-media":"","overlay-type":"","overlay-color":"","overlay-opacity":"","overlay-gradient":""},"tablet":{"background-color":"var(--ast-global-color-5)","background-image":"","background-repeat":"repeat","background-position":"center center","background-size":"auto","background-attachment":"scroll","background-type":"","background-media":"","overlay-type":"","overlay-color":"","overlay-opacity":"","overlay-gradient":""},"mobile":{"background-color":"var(--ast-global-color-5)","background-image":"","background-repeat":"repeat","background-position":"center center","background-size":"auto","background-attachment":"scroll","background-type":"","background-media":"","overlay-type":"","overlay-color":"","overlay-opacity":"","overlay-gradient":""}},"iawp_total_views":135,"footnotes":""},"class_list":["post-4823","page","type-page","status-publish","hentry"],"uagb_featured_image_src":{"full":false,"thumbnail":false,"medium":false,"medium_large":false,"large":false,"1536x1536":false,"2048x2048":false},"uagb_author_info":{"display_name":"admin","author_link":"https:\/\/www.aetomazribeiro.net\/wpress\/author\/admin\/"},"uagb_comment_info":0,"uagb_excerpt":null,"_links":{"self":[{"href":"https:\/\/www.aetomazribeiro.net\/wpress\/wp-json\/wp\/v2\/pages\/4823","targetHints":{"allow":["GET"]}}],"collection":[{"href":"https:\/\/www.aetomazribeiro.net\/wpress\/wp-json\/wp\/v2\/pages"}],"about":[{"href":"https:\/\/www.aetomazribeiro.net\/wpress\/wp-json\/wp\/v2\/types\/page"}],"author":[{"embeddable":true,"href":"https:\/\/www.aetomazribeiro.net\/wpress\/wp-json\/wp\/v2\/users\/1"}],"replies":[{"embeddable":true,"href":"https:\/\/www.aetomazribeiro.net\/wpress\/wp-json\/wp\/v2\/comments?post=4823"}],"version-history":[{"count":0,"href":"https:\/\/www.aetomazribeiro.net\/wpress\/wp-json\/wp\/v2\/pages\/4823\/revisions"}],"wp:attachment":[{"href":"https:\/\/www.aetomazribeiro.net\/wpress\/wp-json\/wp\/v2\/media?parent=4823"}],"curies":[{"name":"wp","href":"https:\/\/api.w.org\/{rel}","templated":true}]}}