{"id":4748,"date":"2025-03-07T09:24:54","date_gmt":"2025-03-07T09:24:54","guid":{"rendered":"https:\/\/www.aetomazribeiro.net\/wpress\/?page_id=4748"},"modified":"2026-04-04T09:44:01","modified_gmt":"2026-04-04T09:44:01","slug":"provas-e-exames","status":"publish","type":"page","link":"https:\/\/www.aetomazribeiro.net\/wpress\/provas-e-exames\/","title":{"rendered":"Provas e Exames"},"content":{"rendered":"\n<h2 class=\"wp-block-heading has-text-align-center\">Provas e Exames<\/h2>\n\n\n\n<h3 class=\"wp-block-heading has-text-align-center\">Ano Letivo 2025-2026<\/h3>\n\n\n\n<div style=\"height:39px\" aria-hidden=\"true\" class=\"wp-block-spacer\"><\/div>\n\n\n\n<div class=\"wp-block-uagb-container uagb-block-f9f4fe82 alignfull uagb-is-root-container\"><div class=\"uagb-container-inner-blocks-wrap\">\n<div class=\"wp-block-uagb-container uagb-block-dad541ad\">\n<figure class=\"wp-block-image size-large\"><img fetchpriority=\"high\" decoding=\"async\" width=\"1024\" height=\"684\" src=\"https:\/\/www.aetomazribeiro.net\/wpress\/wp-content\/uploads\/2025\/03\/close-up-woman-doing-her-work-1024x684.jpg\" alt=\"\" class=\"wp-image-4749\" srcset=\"https:\/\/www.aetomazribeiro.net\/wpress\/wp-content\/uploads\/2025\/03\/close-up-woman-doing-her-work-1024x684.jpg 1024w, https:\/\/www.aetomazribeiro.net\/wpress\/wp-content\/uploads\/2025\/03\/close-up-woman-doing-her-work-300x200.jpg 300w, https:\/\/www.aetomazribeiro.net\/wpress\/wp-content\/uploads\/2025\/03\/close-up-woman-doing-her-work-768x513.jpg 768w, https:\/\/www.aetomazribeiro.net\/wpress\/wp-content\/uploads\/2025\/03\/close-up-woman-doing-her-work.jpg 1200w\" sizes=\"(max-width: 1024px) 100vw, 1024px\" \/><\/figure>\n<\/div>\n\n\n\n<div class=\"wp-block-uagb-container uagb-block-2013c99d\">\n<p>Calend\u00e1rio, para o ano letivo de 2025-2026, das provas de Monitoriza\u00e7\u00e3o da Aprendizagem, das provas finais do ensino b\u00e1sico, das provas de equival\u00eancia \u00e0 frequ\u00eancia do ensino b\u00e1sico, dos exames finais nacionais do ensino secund\u00e1rio e das provas de equival\u00eancia \u00e0 frequ\u00eancia do ensino secund\u00e1rio &#8211;\u00a0\u00a0<strong><em><strong><em><a href=\"https:\/\/www.aetomazribeiro.net\/wpress\/wp-content\/uploads\/2026\/04\/Despacho-14616-A2025.pdf\">Despacho n\u00ba 14616-A\/2025<\/a><\/em><\/strong><\/em><\/strong>.<\/p>\n\n\n\n<ul class=\"wp-block-list\">\n<li><strong>Calend\u00e1rio de provas e exames 2026: <\/strong><\/li>\n<\/ul>\n\n\n\n<p class=\"has-text-align-center\"><strong><a href=\"https:\/\/iave.pt\/provas-e-exames\/documentacao-de-apoio\/\" target=\"_blank\" rel=\"noreferrer noopener\">https:\/\/iave.pt\/provas-e-exames\/documentacao-de-apoio\/<\/a><\/strong><\/p>\n\n\n\n<ul class=\"wp-block-list\">\n<li><strong>Divulga\u00e7\u00e3o das informa\u00e7\u00f5es prova<\/strong>:<\/li>\n<\/ul>\n\n\n\n<p class=\"has-text-align-center\"><strong><a href=\"https:\/\/iave.pt\/provas-e-exames\/informacoes\/\" target=\"_blank\" rel=\"noreferrer noopener\">https:\/\/iave.pt\/provas-e-exames\/informacoes\/<\/a><\/strong><\/p>\n<\/div>\n<\/div><\/div>\n\n\n\n<ul class=\"wp-block-list\"><\/ul>\n\n\n\n<div style=\"height:76px\" aria-hidden=\"true\" id=\"folhetos\" class=\"wp-block-spacer\"><\/div>\n\n\n\n<hr class=\"wp-block-separator has-alpha-channel-opacity\"\/>\n\n\n\n<h5 class=\"wp-block-heading has-text-align-center\" id=\"folhetos\"><strong>Guia Geral de Exames 2026<\/strong><\/h5>\n\n\n\n<div data-wp-interactive=\"core\/file\" class=\"wp-block-file\"><object data-wp-bind--hidden=\"!state.hasPdfPreview\" hidden class=\"wp-block-file__embed\" data=\"https:\/\/www.aetomazribeiro.net\/wpress\/wp-content\/uploads\/2026\/04\/Guia-geral-de-exames-2026.pdf\" type=\"application\/pdf\" style=\"width:100%;height:600px\" aria-label=\"Incorpora\u00e7\u00e3o de Guia geral de exames 2026.\"><\/object><a id=\"wp-block-file--media-0adce354-61c3-4313-9b82-1f3cf6cfc8d8\" href=\"https:\/\/www.aetomazribeiro.net\/wpress\/wp-content\/uploads\/2026\/04\/Guia-geral-de-exames-2026.pdf\">Guia geral de exames 2026<\/a><a href=\"https:\/\/www.aetomazribeiro.net\/wpress\/wp-content\/uploads\/2026\/04\/Guia-geral-de-exames-2026.pdf\" class=\"wp-block-file__button wp-element-button\" download aria-describedby=\"wp-block-file--media-0adce354-61c3-4313-9b82-1f3cf6cfc8d8\">Descarregar<\/a><\/div>\n\n\n\n<p class=\"has-text-align-center\"><\/p>\n\n\n\n<p><\/p>\n\n\n\n<hr class=\"wp-block-separator has-alpha-channel-opacity\"\/>\n\n\n\n<h5 class=\"wp-block-heading has-text-align-center\" id=\"calend\u00e1rios\"><strong>Calend\u00e1rios de Provas Finais e Exames Nacionais<\/strong><\/h5>\n\n\n\n<div class=\"wp-block-file\"><a id=\"wp-block-file--media-3dc44037-1b97-4336-b944-d42647c008eb\" href=\"https:\/\/www.aetomazribeiro.net\/wpress\/wp-content\/uploads\/2026\/04\/calendario2026_provasfinaisensinobasico.pdf\">Calend\u00e1rio 2026_provas finais ensino b\u00e1sico<\/a><a href=\"https:\/\/www.aetomazribeiro.net\/wpress\/wp-content\/uploads\/2026\/04\/calendario2026_provasfinaisensinobasico.pdf\" class=\"wp-block-file__button wp-element-button\" download aria-describedby=\"wp-block-file--media-3dc44037-1b97-4336-b944-d42647c008eb\">Descarregar<\/a><\/div>\n\n\n\n<div class=\"wp-block-file\"><a id=\"wp-block-file--media-a7e39a9b-ab7b-4244-8b06-7e4825cec18b\" href=\"https:\/\/www.aetomazribeiro.net\/wpress\/wp-content\/uploads\/2026\/04\/calendario2026_exames.pdf\">Calend\u00e1rio 2026 Exames Nacionais<\/a><a href=\"https:\/\/www.aetomazribeiro.net\/wpress\/wp-content\/uploads\/2026\/04\/calendario2026_exames.pdf\" class=\"wp-block-file__button wp-element-button\" download aria-describedby=\"wp-block-file--media-a7e39a9b-ab7b-4244-8b06-7e4825cec18b\">Descarregar<\/a><\/div>\n\n\n\n<div style=\"height:70px\" aria-hidden=\"true\" class=\"wp-block-spacer\"><\/div>\n\n\n\n<hr class=\"wp-block-separator has-alpha-channel-opacity\"\/>\n\n\n\n<h5 class=\"wp-block-heading has-text-align-center\" id=\"folhetos\"><strong>Tabela de Cursos do Ensino Secund\u00e1rio<\/strong><\/h5>\n\n\n\n<div class=\"wp-block-file\"><a id=\"wp-block-file--media-e06e5fce-97ea-4ef1-91c3-57b074991118\" href=\"https:\/\/www.aetomazribeiro.net\/wpress\/wp-content\/uploads\/2026\/04\/Tabela-de-cursos.pdf\">Tabela de cursos<\/a><a href=\"https:\/\/www.aetomazribeiro.net\/wpress\/wp-content\/uploads\/2026\/04\/Tabela-de-cursos.pdf\" class=\"wp-block-file__button wp-element-button\" download aria-describedby=\"wp-block-file--media-e06e5fce-97ea-4ef1-91c3-57b074991118\">Descarregar<\/a><\/div>\n\n\n\n<div style=\"height:57px\" aria-hidden=\"true\" id=\"provas\" class=\"wp-block-spacer\"><\/div>\n\n\n\n<hr class=\"wp-block-separator has-alpha-channel-opacity\"\/>\n\n\n\n<h5 class=\"wp-block-heading has-text-align-center\" id=\"folhetos\"><strong>Provas de Avalia\u00e7\u00e3o Externa e Provas de Equival\u00eancia \u00e0 Frequ\u00eancia<\/strong><\/h5>\n\n\n\n<div class=\"wp-block-file\"><a id=\"wp-block-file--media-55ac3cd7-186d-4d41-a4a6-fe472c6eb5f3\" href=\"https:\/\/www.aetomazribeiro.net\/wpress\/wp-content\/uploads\/2026\/04\/Despacho-Normativo-3_2026-Exames-nacionais.pdf\">Despacho Normativo n.\u00ba 3\/2026 &#8211; Exames nacionais<\/a><a href=\"https:\/\/www.aetomazribeiro.net\/wpress\/wp-content\/uploads\/2026\/04\/Despacho-Normativo-3_2026-Exames-nacionais.pdf\" class=\"wp-block-file__button wp-element-button\" download aria-describedby=\"wp-block-file--media-55ac3cd7-186d-4d41-a4a6-fe472c6eb5f3\">Descarregar<\/a><\/div>\n\n\n\n<div style=\"height:57px\" aria-hidden=\"true\" id=\"provas\" class=\"wp-block-spacer\"><\/div>\n\n\n\n<hr class=\"wp-block-separator has-alpha-channel-opacity\"\/>\n\n\n\n<h5 class=\"wp-block-heading has-text-align-center\" id=\"folhetos\"><strong>Normas JNE e Manual de Apoio PIEPE<\/strong><\/h5>\n\n\n\n<div class=\"wp-block-file\"><a id=\"wp-block-file--media-e59e6087-5d5c-4788-862c-d697810877d8\" href=\"https:\/\/www.aetomazribeiro.net\/wpress\/wp-content\/uploads\/2026\/04\/Norma-01-JNE-2026.pdf\">Norma 01 -JNE-2026<\/a><a href=\"https:\/\/www.aetomazribeiro.net\/wpress\/wp-content\/uploads\/2026\/04\/Norma-01-JNE-2026.pdf\" class=\"wp-block-file__button wp-element-button\" download aria-describedby=\"wp-block-file--media-e59e6087-5d5c-4788-862c-d697810877d8\">Descarregar<\/a><\/div>\n\n\n\n<div class=\"wp-block-file\"><a id=\"wp-block-file--media-c3317457-ee8b-4fa7-bfbd-8049dddcb904\" href=\"https:\/\/www.aetomazribeiro.net\/wpress\/wp-content\/uploads\/2026\/04\/Norma-02-JNE-2026.pdf\">Norma 02-JNE-2026<\/a><a href=\"https:\/\/www.aetomazribeiro.net\/wpress\/wp-content\/uploads\/2026\/04\/Norma-02-JNE-2026.pdf\" class=\"wp-block-file__button wp-element-button\" download aria-describedby=\"wp-block-file--media-c3317457-ee8b-4fa7-bfbd-8049dddcb904\">Descarregar<\/a><\/div>\n\n\n\n<div class=\"wp-block-file\"><a id=\"wp-block-file--media-0322744a-42b2-418b-86cf-480c492129ba\" href=\"https:\/\/www.aetomazribeiro.net\/wpress\/wp-content\/uploads\/2026\/04\/Manual_PIEPE_2026.pdf\">Manual de Apoio PIEPE-2026<\/a><a href=\"https:\/\/www.aetomazribeiro.net\/wpress\/wp-content\/uploads\/2026\/04\/Manual_PIEPE_2026.pdf\" class=\"wp-block-file__button wp-element-button\" download aria-describedby=\"wp-block-file--media-0322744a-42b2-418b-86cf-480c492129ba\">Descarregar<\/a><\/div>\n\n\n\n<p><\/p>\n","protected":false},"excerpt":{"rendered":"<p>Provas e Exames Ano Letivo 2025-2026 Calend\u00e1rio, para o ano letivo de 2025-2026, das provas de Monitoriza\u00e7\u00e3o da Aprendizagem, das [&hellip;]<\/p>\n","protected":false},"author":1,"featured_media":0,"parent":0,"menu_order":0,"comment_status":"closed","ping_status":"closed","template":"","meta":{"_uag_custom_page_level_css":"","site-sidebar-layout":"default","site-content-layout":"","ast-site-content-layout":"default","site-content-style":"default","site-sidebar-style":"default","ast-global-header-display":"","ast-banner-title-visibility":"","ast-main-header-display":"","ast-hfb-above-header-display":"","ast-hfb-below-header-display":"","ast-hfb-mobile-header-display":"","site-post-title":"disabled","ast-breadcrumbs-content":"","ast-featured-img":"","footer-sml-layout":"","ast-disable-related-posts":"","theme-transparent-header-meta":"","adv-header-id-meta":"","stick-header-meta":"","header-above-stick-meta":"","header-main-stick-meta":"","header-below-stick-meta":"","astra-migrate-meta-layouts":"set","ast-page-background-enabled":"default","ast-page-background-meta":{"desktop":{"background-color":"","background-image":"","background-repeat":"repeat","background-position":"center center","background-size":"auto","background-attachment":"scroll","background-type":"","background-media":"","overlay-type":"","overlay-color":"","overlay-opacity":"","overlay-gradient":""},"tablet":{"background-color":"","background-image":"","background-repeat":"repeat","background-position":"center center","background-size":"auto","background-attachment":"scroll","background-type":"","background-media":"","overlay-type":"","overlay-color":"","overlay-opacity":"","overlay-gradient":""},"mobile":{"background-color":"","background-image":"","background-repeat":"repeat","background-position":"center center","background-size":"auto","background-attachment":"scroll","background-type":"","background-media":"","overlay-type":"","overlay-color":"","overlay-opacity":"","overlay-gradient":""}},"ast-content-background-meta":{"desktop":{"background-color":"var(--ast-global-color-5)","background-image":"","background-repeat":"repeat","background-position":"center center","background-size":"auto","background-attachment":"scroll","background-type":"","background-media":"","overlay-type":"","overlay-color":"","overlay-opacity":"","overlay-gradient":""},"tablet":{"background-color":"var(--ast-global-color-5)","background-image":"","background-repeat":"repeat","background-position":"center center","background-size":"auto","background-attachment":"scroll","background-type":"","background-media":"","overlay-type":"","overlay-color":"","overlay-opacity":"","overlay-gradient":""},"mobile":{"background-color":"var(--ast-global-color-5)","background-image":"","background-repeat":"repeat","background-position":"center center","background-size":"auto","background-attachment":"scroll","background-type":"","background-media":"","overlay-type":"","overlay-color":"","overlay-opacity":"","overlay-gradient":""}},"iawp_total_views":431,"footnotes":""},"class_list":["post-4748","page","type-page","status-publish","hentry"],"uagb_featured_image_src":{"full":false,"thumbnail":false,"medium":false,"medium_large":false,"large":false,"1536x1536":false,"2048x2048":false},"uagb_author_info":{"display_name":"admin","author_link":"https:\/\/www.aetomazribeiro.net\/wpress\/author\/admin\/"},"uagb_comment_info":0,"uagb_excerpt":"Provas e Exames Ano Letivo 2025-2026 Calend\u00e1rio, para o ano letivo de 2025-2026, das provas de Monitoriza\u00e7\u00e3o da Aprendizagem, das [&hellip;]","_links":{"self":[{"href":"https:\/\/www.aetomazribeiro.net\/wpress\/wp-json\/wp\/v2\/pages\/4748","targetHints":{"allow":["GET"]}}],"collection":[{"href":"https:\/\/www.aetomazribeiro.net\/wpress\/wp-json\/wp\/v2\/pages"}],"about":[{"href":"https:\/\/www.aetomazribeiro.net\/wpress\/wp-json\/wp\/v2\/types\/page"}],"author":[{"embeddable":true,"href":"https:\/\/www.aetomazribeiro.net\/wpress\/wp-json\/wp\/v2\/users\/1"}],"replies":[{"embeddable":true,"href":"https:\/\/www.aetomazribeiro.net\/wpress\/wp-json\/wp\/v2\/comments?post=4748"}],"version-history":[{"count":5,"href":"https:\/\/www.aetomazribeiro.net\/wpress\/wp-json\/wp\/v2\/pages\/4748\/revisions"}],"predecessor-version":[{"id":6420,"href":"https:\/\/www.aetomazribeiro.net\/wpress\/wp-json\/wp\/v2\/pages\/4748\/revisions\/6420"}],"wp:attachment":[{"href":"https:\/\/www.aetomazribeiro.net\/wpress\/wp-json\/wp\/v2\/media?parent=4748"}],"curies":[{"name":"wp","href":"https:\/\/api.w.org\/{rel}","templated":true}]}}