{"id":4421,"date":"2024-11-20T14:36:27","date_gmt":"2024-11-20T14:36:27","guid":{"rendered":"https:\/\/www.aetomazribeiro.net\/wpress\/?page_id=4421"},"modified":"2024-11-20T14:41:38","modified_gmt":"2024-11-20T14:41:38","slug":"escola-sem-bullying-escola-sem-violencia","status":"publish","type":"page","link":"https:\/\/www.aetomazribeiro.net\/wpress\/escola-sem-bullying-escola-sem-violencia\/","title":{"rendered":"Escola Sem Bullying | Escola Sem Viol\u00eancia"},"content":{"rendered":"\n<figure class=\"wp-block-image aligncenter size-full is-resized\"><a href=\"https:\/\/www.aetomazribeiro.net\/wpress\/wp-content\/uploads\/2024\/11\/tempImageDAvl27.jpg\"><img fetchpriority=\"high\" decoding=\"async\" width=\"1024\" height=\"682\" src=\"https:\/\/www.aetomazribeiro.net\/wpress\/wp-content\/uploads\/2024\/11\/tempImageDAvl27.jpg\" alt=\"\" class=\"wp-image-4423\" style=\"box-shadow:var(--wp--preset--shadow--natural);width:740px;height:auto\" srcset=\"https:\/\/www.aetomazribeiro.net\/wpress\/wp-content\/uploads\/2024\/11\/tempImageDAvl27.jpg 1024w, https:\/\/www.aetomazribeiro.net\/wpress\/wp-content\/uploads\/2024\/11\/tempImageDAvl27-300x200.jpg 300w, https:\/\/www.aetomazribeiro.net\/wpress\/wp-content\/uploads\/2024\/11\/tempImageDAvl27-768x512.jpg 768w\" sizes=\"(max-width: 1024px) 100vw, 1024px\" \/><\/a><\/figure>\n\n\n\n<h2 class=\"wp-block-heading has-text-align-center\">Escola Sem Bullying | Escola Sem Viol\u00eancia<\/h2>\n\n\n\n<div style=\"height:40px\" aria-hidden=\"true\" class=\"wp-block-spacer\"><\/div>\n\n\n\n<p>A Comiss\u00e3o de Acompanhamento do Combate ao Bullying e ao Ciberbullying nas Escolas, certifica que foi atribu\u00eddo o Selo \u00abEscola Sem Bullying | Escola Sem Viol\u00eancia\u00bb ao\/\u00e0 \u201cAgrupamento de Escolas de Tondela Tomaz Ribeiro\u201d. <\/p>\n\n\n\n<p>O agrupamento de escolas\/escola n\u00e3o agrupada promoveu e implementou, no ano letivo 2023\/2024, um Plano de Preven\u00e7\u00e3o e Combate ao Bullying e ao Ciberbullying, assumindo pr\u00e1ticas quotidianas de promo\u00e7\u00e3o da sa\u00fade e do bem-estar da comunidade educativa, pautadas pelos princ\u00edpios da n\u00e3o viol\u00eancia, da inclus\u00e3o e da n\u00e3o discrimina\u00e7\u00e3o. <\/p>\n\n\n\n<p>Lisboa, 7 de novembro de 2024\u00a0<\/p>\n\n\n\n<div data-wp-interactive=\"core\/file\" class=\"wp-block-file\"><object data-wp-bind--hidden=\"!state.hasPdfPreview\" hidden class=\"wp-block-file__embed\" data=\"https:\/\/www.aetomazribeiro.net\/wpress\/wp-content\/uploads\/2024\/11\/159.pdf\" type=\"application\/pdf\" style=\"width:100%;height:800px\" aria-label=\"Incorpora\u00e7\u00e3o de PDF\"><\/object><\/div>\n\n\n\n<p><\/p>\n","protected":false},"excerpt":{"rendered":"<p>Escola Sem Bullying | Escola Sem Viol\u00eancia A Comiss\u00e3o de Acompanhamento do Combate ao Bullying e ao Ciberbullying nas Escolas, [&hellip;]<\/p>\n","protected":false},"author":1,"featured_media":0,"parent":0,"menu_order":0,"comment_status":"closed","ping_status":"closed","template":"","meta":{"_uag_custom_page_level_css":"","site-sidebar-layout":"default","site-content-layout":"","ast-site-content-layout":"default","site-content-style":"default","site-sidebar-style":"default","ast-global-header-display":"","ast-banner-title-visibility":"","ast-main-header-display":"","ast-hfb-above-header-display":"","ast-hfb-below-header-display":"","ast-hfb-mobile-header-display":"","site-post-title":"disabled","ast-breadcrumbs-content":"","ast-featured-img":"","footer-sml-layout":"","ast-disable-related-posts":"","theme-transparent-header-meta":"","adv-header-id-meta":"","stick-header-meta":"","header-above-stick-meta":"","header-main-stick-meta":"","header-below-stick-meta":"","astra-migrate-meta-layouts":"set","ast-page-background-enabled":"default","ast-page-background-meta":{"desktop":{"background-color":"","background-image":"","background-repeat":"repeat","background-position":"center center","background-size":"auto","background-attachment":"scroll","background-type":"","background-media":"","overlay-type":"","overlay-color":"","overlay-opacity":"","overlay-gradient":""},"tablet":{"background-color":"","background-image":"","background-repeat":"repeat","background-position":"center center","background-size":"auto","background-attachment":"scroll","background-type":"","background-media":"","overlay-type":"","overlay-color":"","overlay-opacity":"","overlay-gradient":""},"mobile":{"background-color":"","background-image":"","background-repeat":"repeat","background-position":"center center","background-size":"auto","background-attachment":"scroll","background-type":"","background-media":"","overlay-type":"","overlay-color":"","overlay-opacity":"","overlay-gradient":""}},"ast-content-background-meta":{"desktop":{"background-color":"var(--ast-global-color-5)","background-image":"","background-repeat":"repeat","background-position":"center center","background-size":"auto","background-attachment":"scroll","background-type":"","background-media":"","overlay-type":"","overlay-color":"","overlay-opacity":"","overlay-gradient":""},"tablet":{"background-color":"var(--ast-global-color-5)","background-image":"","background-repeat":"repeat","background-position":"center center","background-size":"auto","background-attachment":"scroll","background-type":"","background-media":"","overlay-type":"","overlay-color":"","overlay-opacity":"","overlay-gradient":""},"mobile":{"background-color":"var(--ast-global-color-5)","background-image":"","background-repeat":"repeat","background-position":"center center","background-size":"auto","background-attachment":"scroll","background-type":"","background-media":"","overlay-type":"","overlay-color":"","overlay-opacity":"","overlay-gradient":""}},"iawp_total_views":45,"footnotes":""},"class_list":["post-4421","page","type-page","status-publish","hentry"],"uagb_featured_image_src":{"full":false,"thumbnail":false,"medium":false,"medium_large":false,"large":false,"1536x1536":false,"2048x2048":false},"uagb_author_info":{"display_name":"admin","author_link":"https:\/\/www.aetomazribeiro.net\/wpress\/author\/admin\/"},"uagb_comment_info":0,"uagb_excerpt":"Escola Sem Bullying | Escola Sem Viol\u00eancia A Comiss\u00e3o de Acompanhamento do Combate ao Bullying e ao Ciberbullying nas Escolas, [&hellip;]","_links":{"self":[{"href":"https:\/\/www.aetomazribeiro.net\/wpress\/wp-json\/wp\/v2\/pages\/4421","targetHints":{"allow":["GET"]}}],"collection":[{"href":"https:\/\/www.aetomazribeiro.net\/wpress\/wp-json\/wp\/v2\/pages"}],"about":[{"href":"https:\/\/www.aetomazribeiro.net\/wpress\/wp-json\/wp\/v2\/types\/page"}],"author":[{"embeddable":true,"href":"https:\/\/www.aetomazribeiro.net\/wpress\/wp-json\/wp\/v2\/users\/1"}],"replies":[{"embeddable":true,"href":"https:\/\/www.aetomazribeiro.net\/wpress\/wp-json\/wp\/v2\/comments?post=4421"}],"version-history":[{"count":0,"href":"https:\/\/www.aetomazribeiro.net\/wpress\/wp-json\/wp\/v2\/pages\/4421\/revisions"}],"wp:attachment":[{"href":"https:\/\/www.aetomazribeiro.net\/wpress\/wp-json\/wp\/v2\/media?parent=4421"}],"curies":[{"name":"wp","href":"https:\/\/api.w.org\/{rel}","templated":true}]}}