{"id":3861,"date":"2024-09-04T16:31:21","date_gmt":"2024-09-04T16:31:21","guid":{"rendered":"https:\/\/www.aetomazribeiro.net\/wpress\/?page_id=3861"},"modified":"2024-09-04T17:04:48","modified_gmt":"2024-09-04T17:04:48","slug":"avaliacao-de-desempenho-docente-add","status":"publish","type":"page","link":"https:\/\/www.aetomazribeiro.net\/wpress\/avaliacao-de-desempenho-docente-add\/","title":{"rendered":"Avalia\u00e7\u00e3o de Desempenho Docente (ADD)"},"content":{"rendered":"\n<div class=\"wp-block-uagb-container uagb-block-73194cf4 alignwide uagb-is-root-container\">\n<div class=\"wp-block-uagb-container uagb-block-da2c133b\">\n<p>Procedimento e Instrumentos de Registo ADD<\/p>\n\n\n\n<div class=\"wp-block-uagb-container uagb-block-64b73489\"><div class=\"_df_thumb \" id=\"df_3866\"  _slug=\"procedimento-e-instrumentos-de-registo-add\" data-title=\"procedimento-e-instrumentos-de-registo-add\" wpoptions=\"true\" thumbtype=\"\" >Procedimento e Instrumentos de Registo ADD<\/div><script class=\"df-shortcode-script\" nowprocket type=\"application\/javascript\">window.option_df_3866 = {\"outline\":[],\"autoEnableOutline\":\"false\",\"autoEnableThumbnail\":\"false\",\"overwritePDFOutline\":\"false\",\"direction\":\"1\",\"pageSize\":\"0\",\"source\":\"https:\\\/\\\/www.aetomazribeiro.net\\\/wpress\\\/wp-content\\\/uploads\\\/2024\\\/09\\\/1_Procedimento-e-instrumentos-de-registo-para-ADD-final.pdf\",\"wpOptions\":\"true\"}; if(window.DFLIP && window.DFLIP.parseBooks){window.DFLIP.parseBooks();}<\/script>\n<\/div>\n<\/div>\n\n\n\n<div class=\"wp-block-uagb-container uagb-block-061832ba\">\n<div class=\"wp-block-uagb-container uagb-block-2257757a\">\n<p>Indicadores de Desempenho Docente<\/p>\n\n\n<div class=\"_df_thumb \" id=\"df_3874\"  _slug=\"indicadores-de-desempenho-docente\" data-title=\"indicadores-de-desempenho-docente\" wpoptions=\"true\" thumbtype=\"\" >Indicadores de Desempenho Docente<\/div><script class=\"df-shortcode-script\" nowprocket type=\"application\/javascript\">window.option_df_3874 = {\"outline\":[],\"autoEnableOutline\":\"false\",\"autoEnableThumbnail\":\"false\",\"overwritePDFOutline\":\"false\",\"direction\":\"1\",\"pageSize\":\"0\",\"source\":\"https:\\\/\\\/www.aetomazribeiro.net\\\/wpress\\\/wp-content\\\/uploads\\\/2024\\\/09\\\/2_Indicadores-de-desempenho-docente.pdf\",\"wpOptions\":\"true\"}; if(window.DFLIP && window.DFLIP.parseBooks){window.DFLIP.parseBooks();}<\/script>\n<\/div>\n<\/div>\n\n\n\n<div class=\"wp-block-uagb-container uagb-block-7786a05b\">\n<div class=\"wp-block-uagb-container uagb-block-839851ff\">\n<p>Ficha de Registo de Avalia\u00e7\u00e3o Interna<\/p>\n\n\n<div class=\"_df_thumb \" id=\"df_3876\"  _slug=\"ficha-de-registo-de-avaliacao-interna\" data-title=\"ficha-de-registo-de-avaliacao-interna\" wpoptions=\"true\" thumbtype=\"\" >Ficha de Registo de Avalia\u00e7\u00e3o interna<\/div><script class=\"df-shortcode-script\" nowprocket type=\"application\/javascript\">window.option_df_3876 = {\"outline\":[],\"autoEnableOutline\":\"false\",\"autoEnableThumbnail\":\"false\",\"overwritePDFOutline\":\"false\",\"direction\":\"1\",\"pageSize\":\"0\",\"source\":\"https:\\\/\\\/www.aetomazribeiro.net\\\/wpress\\\/wp-content\\\/uploads\\\/2024\\\/09\\\/3_Ficha-de-registo-da-avaliacao-interna.pdf\",\"wpOptions\":\"true\"}; if(window.DFLIP && window.DFLIP.parseBooks){window.DFLIP.parseBooks();}<\/script>\n<\/div>\n<\/div>\n\n\n\n<div class=\"wp-block-uagb-container uagb-block-112134bf\">\n<div class=\"wp-block-uagb-container uagb-block-de4e1684\">\n<p>Ficha de Avalia\u00e7\u00e3o Global do Quadro com Aulas Assistidas<\/p>\n\n\n<div class=\"_df_thumb \" id=\"df_3878\"  _slug=\"ficha-de-avaliacao-global-do-quadro-com-aulas-assistidas\" data-title=\"ficha-de-avaliacao-global-do-quadro-com-aulas-assistidas\" wpoptions=\"true\" thumbtype=\"\" >Ficha de Avalia\u00e7\u00e3o Global do Quadro com Aulas Assistidas<\/div><script class=\"df-shortcode-script\" nowprocket type=\"application\/javascript\">window.option_df_3878 = {\"outline\":[],\"autoEnableOutline\":\"false\",\"autoEnableThumbnail\":\"false\",\"overwritePDFOutline\":\"false\",\"direction\":\"1\",\"pageSize\":\"0\",\"source\":\"https:\\\/\\\/www.aetomazribeiro.net\\\/wpress\\\/wp-content\\\/uploads\\\/2024\\\/09\\\/4_Ficha-de-avaliacao-global-do-quadro-com-aulas-assistidas.pdf\",\"wpOptions\":\"true\"}; if(window.DFLIP && window.DFLIP.parseBooks){window.DFLIP.parseBooks();}<\/script>\n<\/div>\n<\/div>\n\n\n\n<div class=\"wp-block-uagb-container uagb-block-90af36df\">\n<div class=\"wp-block-uagb-container uagb-block-2db3f3d8\">\n<p>Ficha de Avalia\u00e7\u00e3o Global de Contratados<\/p>\n\n\n<div class=\"_df_thumb \" id=\"df_3880\"  _slug=\"ficha-de-avaliacao-global-de-contratados\" data-title=\"ficha-de-avaliacao-global-de-contratados\" wpoptions=\"true\" thumbtype=\"\" >Ficha de Avalia\u00e7\u00e3o Global de Contratados<\/div><script class=\"df-shortcode-script\" nowprocket type=\"application\/javascript\">window.option_df_3880 = {\"outline\":[],\"autoEnableOutline\":\"false\",\"autoEnableThumbnail\":\"false\",\"overwritePDFOutline\":\"false\",\"direction\":\"1\",\"pageSize\":\"0\",\"source\":\"https:\\\/\\\/www.aetomazribeiro.net\\\/wpress\\\/wp-content\\\/uploads\\\/2024\\\/09\\\/5_Ficha-de-avaliacao-global-contratados-e-do-quadro-sem-aulas-assistidas.pdf\",\"wpOptions\":\"true\"}; if(window.DFLIP && window.DFLIP.parseBooks){window.DFLIP.parseBooks();}<\/script>\n<\/div>\n<\/div>\n<\/div>\n\n\n\n<div class=\"wp-block-uagb-container uagb-block-9317cfcd alignfull uagb-is-root-container\"><div class=\"uagb-container-inner-blocks-wrap\">\n<div class=\"wp-block-uagb-container uagb-block-68361bf3\">\n<div class=\"wp-block-uagb-container uagb-block-03888d86\">\n<p>Ficha de Avalia\u00e7\u00e3o Global do Quadro sem Aulas Assistidas<\/p>\n\n\n<div class=\"_df_thumb \" id=\"df_3882\"  _slug=\"ficha-de-avaliacao-global-do-quadro-sem-aulas-assistidas\" data-title=\"ficha-de-avaliacao-global-do-quadro-sem-aulas-assistidas\" wpoptions=\"true\" thumbtype=\"\" >Ficha de Avalia\u00e7\u00e3o Global do Quadro sem Aulas Assistidas<\/div><script class=\"df-shortcode-script\" nowprocket type=\"application\/javascript\">window.option_df_3882 = {\"outline\":[],\"autoEnableOutline\":\"false\",\"autoEnableThumbnail\":\"false\",\"overwritePDFOutline\":\"false\",\"direction\":\"1\",\"pageSize\":\"0\",\"source\":\"https:\\\/\\\/www.aetomazribeiro.net\\\/wpress\\\/wp-content\\\/uploads\\\/2024\\\/09\\\/6_Ficha-de-avaliacao-global-docentes-quadro-regime-especial.pdf\",\"wpOptions\":\"true\"}; if(window.DFLIP && window.DFLIP.parseBooks){window.DFLIP.parseBooks();}<\/script>\n<\/div>\n<\/div>\n\n\n\n<div class=\"wp-block-uagb-container uagb-block-7aa22fb6\">\n<p>Relat\u00f3rio de Autoavalia\u00e7\u00e3o Pessoal Docente<\/p>\n\n\n\n<div class=\"wp-block-uagb-container uagb-block-748b7b4c\">      \n\t\t\t<div class=\"uagb-icon-wrapper uagb-block-49a4370c      \"\n\t\t\tstyle=\"\" >\n\t\t\t\t\t\t\t\t\t<span class=\"uagb-svg-wrapper\" \n\t\t\t\t\t aria-label=\"file-word\"\t\t\t\t\ttabindex=\"0\">\t\t\n\t\t\t\t\t\t\t\t\t\t<svg xmlns=\"https:\/\/www.w3.org\/2000\/svg\" viewBox= \"0 0 384 512\" role=\"graphics-symbol\" aria-hidden=\"false\" aria-label=\"\"><path d=\"M224 128L224 0H48C21.49 0 0 21.49 0 48v416C0 490.5 21.49 512 48 512h288c26.51 0 48-21.49 48-48V160h-127.1C238.3 160 224 145.7 224 128zM281.5 240h23.37c7.717 0 13.43 7.18 11.69 14.7l-42.46 184C272.9 444.1 268 448 262.5 448h-29.26c-5.426 0-10.18-3.641-11.59-8.883L192 329.1l-29.61 109.1C160.1 444.4 156.2 448 150.8 448H121.5c-5.588 0-10.44-3.859-11.69-9.305l-42.46-184C65.66 247.2 71.37 240 79.08 240h23.37c5.588 0 10.44 3.859 11.69 9.301L137.8 352L165.6 248.9C167 243.6 171.8 240 177.2 240h29.61c5.426 0 10.18 3.641 11.59 8.883L246.2 352l23.7-102.7C271.1 243.9 275.1 240 281.5 240zM256 0v128h128L256 0z\"><\/path><\/svg>\n\t\t\t\t\t\t\t\t\t<\/span>\n\t\t\t\t\t\t\t<\/div>\n\t\t\t\n\n\n<div class=\"wp-block-file aligncenter\"><a id=\"wp-block-file--media-66ace995-1f88-41bf-8982-358b9a259929\" href=\"https:\/\/www.aetomazribeiro.net\/wpress\/wp-content\/uploads\/2024\/09\/Relatorio_de_autoavaliacao_PDocente.docx\" target=\"_blank\" rel=\"noreferrer noopener\">Relat\u00f3rio de autoavaliacao Pessoal Docente<\/a><a href=\"https:\/\/www.aetomazribeiro.net\/wpress\/wp-content\/uploads\/2024\/09\/Relatorio_de_autoavaliacao_PDocente.docx\" class=\"wp-block-file__button wp-element-button\" download aria-describedby=\"wp-block-file--media-66ace995-1f88-41bf-8982-358b9a259929\">Descarregar<\/a><\/div>\n<\/div>\n<\/div>\n\n\n\n<div class=\"wp-block-uagb-container uagb-block-f4de3f86\">\n<div class=\"wp-block-uagb-container uagb-block-847d56c2\">\n<p><\/p>\n\n\n<\/div>\n<\/div>\n\n\n\n<div class=\"wp-block-uagb-container uagb-block-e3049151\">\n<div class=\"wp-block-uagb-container uagb-block-b1a77626\">\n<p><\/p>\n\n\n<\/div>\n<\/div>\n\n\n\n<div class=\"wp-block-uagb-container uagb-block-6a8061c6\">\n<div class=\"wp-block-uagb-container uagb-block-8e32b9af\">\n<p><\/p>\n\n\n<\/div>\n<\/div>\n<\/div><\/div>\n","protected":false},"excerpt":{"rendered":"<p>Procedimento e Instrumentos de Registo ADD Indicadores de Desempenho Docente Ficha de Registo de Avalia\u00e7\u00e3o Interna Ficha de Avalia\u00e7\u00e3o Global [&hellip;]<\/p>\n","protected":false},"author":1,"featured_media":0,"parent":0,"menu_order":0,"comment_status":"closed","ping_status":"closed","template":"","meta":{"_uag_custom_page_level_css":"","site-sidebar-layout":"default","site-content-layout":"","ast-site-content-layout":"default","site-content-style":"default","site-sidebar-style":"default","ast-global-header-display":"","ast-banner-title-visibility":"","ast-main-header-display":"","ast-hfb-above-header-display":"","ast-hfb-below-header-display":"","ast-hfb-mobile-header-display":"","site-post-title":"","ast-breadcrumbs-content":"","ast-featured-img":"","footer-sml-layout":"","ast-disable-related-posts":"","theme-transparent-header-meta":"","adv-header-id-meta":"","stick-header-meta":"","header-above-stick-meta":"","header-main-stick-meta":"","header-below-stick-meta":"","astra-migrate-meta-layouts":"set","ast-page-background-enabled":"default","ast-page-background-meta":{"desktop":{"background-color":"","background-image":"","background-repeat":"repeat","background-position":"center center","background-size":"auto","background-attachment":"scroll","background-type":"","background-media":"","overlay-type":"","overlay-color":"","overlay-opacity":"","overlay-gradient":""},"tablet":{"background-color":"","background-image":"","background-repeat":"repeat","background-position":"center center","background-size":"auto","background-attachment":"scroll","background-type":"","background-media":"","overlay-type":"","overlay-color":"","overlay-opacity":"","overlay-gradient":""},"mobile":{"background-color":"","background-image":"","background-repeat":"repeat","background-position":"center center","background-size":"auto","background-attachment":"scroll","background-type":"","background-media":"","overlay-type":"","overlay-color":"","overlay-opacity":"","overlay-gradient":""}},"ast-content-background-meta":{"desktop":{"background-color":"var(--ast-global-color-5)","background-image":"","background-repeat":"repeat","background-position":"center center","background-size":"auto","background-attachment":"scroll","background-type":"","background-media":"","overlay-type":"","overlay-color":"","overlay-opacity":"","overlay-gradient":""},"tablet":{"background-color":"var(--ast-global-color-5)","background-image":"","background-repeat":"repeat","background-position":"center center","background-size":"auto","background-attachment":"scroll","background-type":"","background-media":"","overlay-type":"","overlay-color":"","overlay-opacity":"","overlay-gradient":""},"mobile":{"background-color":"var(--ast-global-color-5)","background-image":"","background-repeat":"repeat","background-position":"center center","background-size":"auto","background-attachment":"scroll","background-type":"","background-media":"","overlay-type":"","overlay-color":"","overlay-opacity":"","overlay-gradient":""}},"iawp_total_views":292,"footnotes":""},"class_list":["post-3861","page","type-page","status-publish","hentry"],"uagb_featured_image_src":{"full":false,"thumbnail":false,"medium":false,"medium_large":false,"large":false,"1536x1536":false,"2048x2048":false},"uagb_author_info":{"display_name":"admin","author_link":"https:\/\/www.aetomazribeiro.net\/wpress\/author\/admin\/"},"uagb_comment_info":0,"uagb_excerpt":"Procedimento e Instrumentos de Registo ADD Indicadores de Desempenho Docente Ficha de Registo de Avalia\u00e7\u00e3o Interna Ficha de Avalia\u00e7\u00e3o Global [&hellip;]","_links":{"self":[{"href":"https:\/\/www.aetomazribeiro.net\/wpress\/wp-json\/wp\/v2\/pages\/3861","targetHints":{"allow":["GET"]}}],"collection":[{"href":"https:\/\/www.aetomazribeiro.net\/wpress\/wp-json\/wp\/v2\/pages"}],"about":[{"href":"https:\/\/www.aetomazribeiro.net\/wpress\/wp-json\/wp\/v2\/types\/page"}],"author":[{"embeddable":true,"href":"https:\/\/www.aetomazribeiro.net\/wpress\/wp-json\/wp\/v2\/users\/1"}],"replies":[{"embeddable":true,"href":"https:\/\/www.aetomazribeiro.net\/wpress\/wp-json\/wp\/v2\/comments?post=3861"}],"version-history":[{"count":0,"href":"https:\/\/www.aetomazribeiro.net\/wpress\/wp-json\/wp\/v2\/pages\/3861\/revisions"}],"wp:attachment":[{"href":"https:\/\/www.aetomazribeiro.net\/wpress\/wp-json\/wp\/v2\/media?parent=3861"}],"curies":[{"name":"wp","href":"https:\/\/api.w.org\/{rel}","templated":true}]}}