{"id":1366,"date":"2024-03-08T17:22:25","date_gmt":"2024-03-08T17:22:25","guid":{"rendered":"https:\/\/www.aetomazribeiro.net\/wpress\/?page_id=1366"},"modified":"2026-03-20T09:32:21","modified_gmt":"2026-03-20T09:32:21","slug":"conselho-geral-2","status":"publish","type":"page","link":"https:\/\/www.aetomazribeiro.net\/wpress\/conselho-geral-2\/","title":{"rendered":"Conselho Geral"},"content":{"rendered":"\n<h4 class=\"wp-block-heading has-text-align-center\"><strong>Conselho Geral do Agrupamento de Escolas de Tondela Tomaz Ribeiro<\/strong><\/h4>\n\n\n\n<h5 class=\"wp-block-heading has-text-align-center has-ast-global-color-3-color has-text-color has-link-color wp-elements-e263ded7b985941d8157b26567c77d39\"><strong>A sua import\u00e2ncia na organiza\u00e7\u00e3o da unidade org\u00e2nica e a sua constitui\u00e7\u00e3o<\/strong><\/h5>\n\n\n\n<div style=\"height:85px\" aria-hidden=\"true\" class=\"wp-block-spacer\"><\/div>\n\n\n\n<figure class=\"wp-block-image aligncenter size-full\"><a href=\"https:\/\/www.aetomazribeiro.net\/wpress\/wp-content\/uploads\/2025\/10\/CG-do-AETTR.png\"><img fetchpriority=\"high\" decoding=\"async\" width=\"741\" height=\"833\" src=\"https:\/\/www.aetomazribeiro.net\/wpress\/wp-content\/uploads\/2025\/10\/CG-do-AETTR.png\" alt=\"\" class=\"wp-image-5592\" srcset=\"https:\/\/www.aetomazribeiro.net\/wpress\/wp-content\/uploads\/2025\/10\/CG-do-AETTR.png 741w, https:\/\/www.aetomazribeiro.net\/wpress\/wp-content\/uploads\/2025\/10\/CG-do-AETTR-267x300.png 267w\" sizes=\"(max-width: 741px) 100vw, 741px\" \/><\/a><\/figure>\n\n\n\n<div style=\"height:63px\" aria-hidden=\"true\" class=\"wp-block-spacer\"><\/div>\n\n\n\n<p>O&nbsp;<strong>Conselho Geral<\/strong>&nbsp;(CG) \u00e9 um \u00f3rg\u00e3o colegial de dire\u00e7\u00e3o estrat\u00e9gica que define as linhas orientadoras da atividade de um agrupamento de escolas, garantindo a participa\u00e7\u00e3o e representa\u00e7\u00e3o da comunidade educativa. Ele \u00e9 respons\u00e1vel por aprovar o regulamento interno, o projeto educativo, o plano de atividades e o or\u00e7amento, al\u00e9m de acompanhar a execu\u00e7\u00e3o dos mesmos e apreciar os relat\u00f3rios finais.&nbsp;<\/p>\n\n\n\n<p>O conselho geral elege e destitui o diretor, \u00e9 o \u00f3rg\u00e3o a quem o diretor deve prestar contas, e tamb\u00e9m aprova o processo de autoavalia\u00e7\u00e3o do agrupamento.<\/p>\n\n\n\n<div style=\"height:58px\" aria-hidden=\"true\" class=\"wp-block-spacer\"><\/div>\n\n\n\n<p class=\"has-ast-global-color-2-color has-text-color has-link-color wp-elements-e69d696eb6b113a8f22c3f57882e7570\"><strong>Fun\u00e7\u00f5es e Compet\u00eancias:<\/strong><\/p>\n\n\n\n<ul class=\"wp-block-list\">\n<li class=\"has-ast-global-color-7-color has-text-color has-link-color wp-elements-07b0cf275f8d01cb47cfc020532e604f\"><strong>Dire\u00e7\u00e3o Estrat\u00e9gica<\/strong>:&nbsp;<\/li>\n<\/ul>\n\n\n\n<p>Define as linhas orientadoras da atividade do agrupamento e o plano de atividades.&nbsp;<\/p>\n\n\n\n<ul class=\"wp-block-list\">\n<li class=\"has-ast-global-color-7-color has-text-color has-link-color wp-elements-7cc2060ee49e0f0cc653ff502909d42d\"><strong>Aprova\u00e7\u00e3o de Documentos<\/strong>:&nbsp;<\/li>\n<\/ul>\n\n\n\n<p>Aprova o regulamento interno, o projeto educativo e o or\u00e7amento do agrupamento.&nbsp;<\/p>\n\n\n\n<ul class=\"wp-block-list\">\n<li class=\"has-ast-global-color-7-color has-text-color has-link-color wp-elements-3a3c40f006dc6480c88182184448d932\"><strong>Gest\u00e3o e Acompanhamento<\/strong>:&nbsp;<\/li>\n<\/ul>\n\n\n\n<p>Acompanha a concretiza\u00e7\u00e3o do plano de atividades e aprecia os relat\u00f3rios de execu\u00e7\u00e3o.&nbsp;<\/p>\n\n\n\n<ul class=\"wp-block-list\">\n<li class=\"has-ast-global-color-7-color has-text-color has-link-color wp-elements-363d90c08e85b0089c2749564bced593\"><strong>Elei\u00e7\u00e3o e Avalia\u00e7\u00e3o do Diretor<\/strong>:&nbsp;<\/li>\n<\/ul>\n\n\n\n<p>Elege o diretor e avalia o seu desempenho.&nbsp;<\/p>\n\n\n\n<ul class=\"wp-block-list\">\n<li class=\"has-ast-global-color-7-color has-text-color has-link-color wp-elements-de04401f959efb64bd7040a5f9d1be68\"><strong>Representa\u00e7\u00e3o da Comunidade<\/strong>:&nbsp;<\/li>\n<\/ul>\n\n\n\n<p>Assegura a participa\u00e7\u00e3o e representa\u00e7\u00e3o da comunidade educativa, incluindo pais, alunos, docentes e pessoal n\u00e3o docente.&nbsp;<\/p>\n\n\n\n<div style=\"height:56px\" aria-hidden=\"true\" class=\"wp-block-spacer\"><\/div>\n\n\n\n<p class=\"has-ast-global-color-2-color has-text-color has-link-color wp-elements-f594433788b632e9f5107e87448ef5e4\"><strong>Composi\u00e7\u00e3o:<\/strong><\/p>\n\n\n\n<p>O Conselho Geral \u00e9 composto por representantes de diversos segmentos da comunidade educativa:&nbsp;Corpo docente, Pessoal n\u00e3o docente, Pais e encarregados de educa\u00e7\u00e3o, Alunos, Munic\u00edpio e comunidade local.&nbsp;<\/p>\n\n\n\n<div style=\"height:30px\" aria-hidden=\"true\" class=\"wp-block-spacer\"><\/div>\n\n\n\n<p class=\"has-ast-global-color-7-color has-text-color has-link-color wp-elements-32c9ea428b38e94fe3bbed63b87900d9\"><strong>O atual CG \u00e9 constitu\u00eddo pelos seguintes elementos:<\/strong><\/p>\n\n\n\n<div style=\"height:20px\" aria-hidden=\"true\" class=\"wp-block-spacer\"><\/div>\n\n\n\n<p class=\"has-ast-global-color-7-color has-text-color has-link-color wp-elements-cc450efc1be9910f3571eddd961d7d6f\"><strong>Representantes do Pessoal Docente:<\/strong><\/p>\n\n\n\n<p><em>Ana Maria Ferreira Gon\u00e7alves Fraga (Presidente)<\/em><\/p>\n\n\n\n<p><em>Isabel Maria Gomes dos Santos Almeida<\/em><\/p>\n\n\n\n<p><em>Helena Carlota de Matos Monteiro Melo<\/em><\/p>\n\n\n\n<p><em>Maria da Nazar\u00e9 Gon\u00e7alves Gouveia<\/em><\/p>\n\n\n\n<p><em>Maria Dulce Coimbra Lopes<\/em><\/p>\n\n\n\n<p><em>Paula Cristina Costa Carvalho da Concei\u00e7\u00e3o<\/em><\/p>\n\n\n\n<p><em>Rosa Maria Dias Rodrigues Corte Real<\/em><\/p>\n\n\n\n<div style=\"height:36px\" aria-hidden=\"true\" class=\"wp-block-spacer\"><\/div>\n\n\n\n<p class=\"has-ast-global-color-7-color has-text-color has-link-color wp-elements-0b9bc83c3c6e8b08fceba1a6b73a8ca6\"><strong>Representantes do Pessoal n\u00e3o Docente:<\/strong><\/p>\n\n\n\n<p><em>Anabela Santinha Cardoso<\/em><\/p>\n\n\n\n<p><em>Cristina Maria de Sousa Pereira<\/em><\/p>\n\n\n\n<div style=\"height:36px\" aria-hidden=\"true\" class=\"wp-block-spacer\"><\/div>\n\n\n\n<p class=\"has-ast-global-color-7-color has-text-color has-link-color wp-elements-80af77bd938f946e24ea0e43d9556be6\"><strong>Representantes dos Alunos:<\/strong><\/p>\n\n\n\n<p><em>Bianca Pinto Ribeiro<\/em><\/p>\n\n\n\n<p><em>Ester da Costa Aguiar<\/em><\/p>\n\n\n\n<div style=\"height:36px\" aria-hidden=\"true\" class=\"wp-block-spacer\"><\/div>\n\n\n\n<p class=\"has-ast-global-color-7-color has-text-color has-link-color wp-elements-5536100a10b3bc79ff7c02660f796531\"><strong>Representantes dos Encarregados de Educa\u00e7\u00e3o:<\/strong><\/p>\n\n\n\n<p><em>Carlos Amaral Antunes Amaral<\/em><\/p>\n\n\n\n<p><em>Dora Lopes Castelo Branco Catr\u00e9<\/em><\/p>\n\n\n\n<p><em>&nbsp;Raquel M. F. C. Lopes Santos<\/em><\/p>\n\n\n\n<p><em>Rita Catarina Mendes Cardoso<\/em><\/p>\n\n\n\n<div style=\"height:36px\" aria-hidden=\"true\" class=\"wp-block-spacer\"><\/div>\n\n\n\n<p class=\"has-ast-global-color-2-color has-text-color has-link-color wp-elements-064c599d923589532f2041246264272e\"><strong>Representantes da Autarquia:<\/strong><\/p>\n\n\n\n<p><em>F\u00e1tima Carla Antunes Borges<\/em><\/p>\n\n\n\n<p><em>Helena Isabel Louren\u00e7o Henriques Rodrigues<\/em><\/p>\n\n\n\n<p><em>Raquel Maria Seabra Nunes<\/em><\/p>\n\n\n\n<div style=\"height:36px\" aria-hidden=\"true\" class=\"wp-block-spacer\"><\/div>\n\n\n\n<p class=\"has-ast-global-color-7-color has-text-color has-link-color wp-elements-9d6efd51fd9fa857306333eddacf3d45\"><strong>Representantes da Comunidade:<\/strong><\/p>\n\n\n\n<p><em>Rui Pedro Paiva de Almeida&nbsp; (AIRV)<\/em><\/p>\n\n\n\n<p><em>Daniel Ant\u00f3nio Geraldo Nunes (ACERT)<\/em><\/p>\n\n\n\n<p><em>Ant\u00f3nio Nunes (Casa do Povo de Tondela)&nbsp;<\/em><\/p>\n\n\n\n<div style=\"height:36px\" aria-hidden=\"true\" class=\"wp-block-spacer\"><\/div>\n\n\n\n<p class=\"has-ast-global-color-7-color has-text-color has-link-color wp-elements-138a798feb4f50e8c3a88008e1728d5b\"><strong><strong>Presidente da CAP (convidado)<\/strong><\/strong><\/p>\n\n\n\n<p><\/p>\n\n\n\n<p><em>Lu\u00eds Filipe Rodrigues da Costa<\/em><\/p>\n\n\n\n<div style=\"height:65px\" aria-hidden=\"true\" class=\"wp-block-spacer\"><\/div>\n\n\n\n<p class=\"has-ast-global-color-7-color has-text-color has-link-color wp-elements-361902605e45f2aef185046bce898fc4\"><strong>Legisla\u00e7\u00e3o:<\/strong><\/p>\n\n\n\n<p>O Conselho Geral resulta do Decreto-Lei n.\u00ba 75\/2008, de 22 de abril, republicado pelo Decreto-Lei n\u00ba 137\/2012 de 2 de julho, que estabelece o regime de autonomia, administra\u00e7\u00e3o e gest\u00e3o dos estabelecimentos p\u00fablicos de ensino.&nbsp;<\/p>\n\n\n\n<p>Com base nesta legisla\u00e7\u00e3o \u00e9 elaborado e aprovado, por cada CG no in\u00edcio do seu mandato, o respetivo regimento interno (RI).&nbsp;<\/p>\n\n\n\n<div style=\"height:44px\" aria-hidden=\"true\" class=\"wp-block-spacer\"><\/div>\n\n\n\n<div data-wp-interactive=\"core\/file\" class=\"wp-block-file\"><object data-wp-bind--hidden=\"!state.hasPdfPreview\" hidden class=\"wp-block-file__embed\" data=\"https:\/\/www.aetomazribeiro.net\/wpress\/wp-content\/uploads\/2025\/11\/REGIMENTO-CG-2025-29-AETTR.pdf\" type=\"application\/pdf\" style=\"width:100%;height:600px\" aria-label=\"Incorpora\u00e7\u00e3o de REGIMENTO Conselho Geral 2025-29 AETTR.\"><\/object><a id=\"wp-block-file--media-e9ce2e3d-ed47-4a0e-9f51-3a7b334bee0c\" href=\"https:\/\/www.aetomazribeiro.net\/wpress\/wp-content\/uploads\/2025\/11\/REGIMENTO-CG-2025-29-AETTR.pdf\" target=\"_blank\" rel=\"noreferrer noopener\">REGIMENTO Conselho Geral 2025-29 AETTR<\/a><a href=\"https:\/\/www.aetomazribeiro.net\/wpress\/wp-content\/uploads\/2025\/11\/REGIMENTO-CG-2025-29-AETTR.pdf\" class=\"wp-block-file__button wp-element-button\" download aria-describedby=\"wp-block-file--media-e9ce2e3d-ed47-4a0e-9f51-3a7b334bee0c\">Descarregar<\/a><\/div>\n\n\n\n<div style=\"height:100px\" aria-hidden=\"true\" class=\"wp-block-spacer\"><\/div>\n\n\n\n<h2 class=\"wp-block-heading\">Informa\u00e7\u00f5es<\/h2>\n\n\n\n<div class=\"wp-block-file\"><a id=\"wp-block-file--media-f7ae4109-8b5f-49de-8acc-1cbb424f7478\" href=\"https:\/\/www.aetomazribeiro.net\/wpress\/wp-content\/uploads\/2025\/11\/Informacao-CG-20nov2025.pdf\">Informa\u00e7\u00e3o N.\u00ba 2 &#8211;  20nov2025<\/a><a href=\"https:\/\/www.aetomazribeiro.net\/wpress\/wp-content\/uploads\/2025\/11\/Informacao-CG-20nov2025.pdf\" class=\"wp-block-file__button wp-element-button\" download aria-describedby=\"wp-block-file--media-f7ae4109-8b5f-49de-8acc-1cbb424f7478\">Descarregar<\/a><\/div>\n\n\n\n<div class=\"wp-block-file\"><a id=\"wp-block-file--media-5b95f0ed-ee7c-40f7-861b-cd286dddf26d\" href=\"https:\/\/www.aetomazribeiro.net\/wpress\/wp-content\/uploads\/2025\/12\/Informacao-CG-09dez2025.pdf\">Informa\u00e7\u00e3o N.\u00ba 3 &#8211; 09dez2025<\/a><a href=\"https:\/\/www.aetomazribeiro.net\/wpress\/wp-content\/uploads\/2025\/12\/Informacao-CG-09dez2025.pdf\" class=\"wp-block-file__button wp-element-button\" download aria-describedby=\"wp-block-file--media-5b95f0ed-ee7c-40f7-861b-cd286dddf26d\">Descarregar<\/a><\/div>\n\n\n\n<div class=\"wp-block-file\"><a id=\"wp-block-file--media-2a9d4e0f-2200-4106-ade8-97b1899b3064\" href=\"https:\/\/www.aetomazribeiro.net\/wpress\/wp-content\/uploads\/2026\/03\/Informacao-no5-CG-eleicao-Diretor.pdf\">Informa\u00e7\u00e3o n\u00ba5 &#8211; 27fev2026<br><\/a><a href=\"https:\/\/www.aetomazribeiro.net\/wpress\/wp-content\/uploads\/2026\/03\/Informacao-no5-CG-eleicao-Diretor.pdf\" class=\"wp-block-file__button wp-element-button\" download aria-describedby=\"wp-block-file--media-2a9d4e0f-2200-4106-ade8-97b1899b3064\">Descarregar<\/a><\/div>\n\n\n\n<div class=\"wp-block-file\"><a id=\"wp-block-file--media-6ffd2bad-ec94-4c72-8f6c-6b04deafde51\" href=\"https:\/\/www.aetomazribeiro.net\/wpress\/wp-content\/uploads\/2026\/03\/Informacao-CG6-18mar2026.pdf\">Informa\u00e7\u00e3o n.\u00ba 6 -18mar2026<\/a><a href=\"https:\/\/www.aetomazribeiro.net\/wpress\/wp-content\/uploads\/2026\/03\/Informacao-CG6-18mar2026.pdf\" class=\"wp-block-file__button wp-element-button\" download aria-describedby=\"wp-block-file--media-6ffd2bad-ec94-4c72-8f6c-6b04deafde51\">Descarregar<\/a><\/div>\n\n\n\n<div style=\"height:100px\" aria-hidden=\"true\" class=\"wp-block-spacer\"><\/div>\n\n\n\n<h3 class=\"wp-block-heading\">Concurso para o Lugar de Diretor do CFAE Planalto Beir\u00e3o<\/h3>\n\n\n\n<figure class=\"wp-block-embed is-type-wp-embed is-provider-agrupamento-de-escolas-de-tondela-tomaz-ribeiro wp-block-embed-agrupamento-de-escolas-de-tondela-tomaz-ribeiro\"><div class=\"wp-block-embed__wrapper\">\n<blockquote class=\"wp-embedded-content\" data-secret=\"51rnFHWn4p\"><a href=\"https:\/\/www.aetomazribeiro.net\/wpress\/concurso-diretor-cfae\/\">Concurso Diretor CFAE<\/a><\/blockquote><iframe class=\"wp-embedded-content\" sandbox=\"allow-scripts\" security=\"restricted\" style=\"position: absolute; visibility: hidden;\" title=\"&#8220;Concurso Diretor CFAE&#8221; &#8212; Agrupamento de Escolas de Tondela Tomaz Ribeiro\" src=\"https:\/\/www.aetomazribeiro.net\/wpress\/concurso-diretor-cfae\/embed\/#?secret=Nv7Oycu5IK#?secret=51rnFHWn4p\" data-secret=\"51rnFHWn4p\" width=\"500\" height=\"282\" frameborder=\"0\" marginwidth=\"0\" marginheight=\"0\" scrolling=\"no\"><\/iframe>\n<\/div><\/figure>\n\n\n\n<p><\/p>\n","protected":false},"excerpt":{"rendered":"<p>Conselho Geral do Agrupamento de Escolas de Tondela Tomaz Ribeiro A sua import\u00e2ncia na organiza\u00e7\u00e3o da unidade org\u00e2nica e a [&hellip;]<\/p>\n","protected":false},"author":1,"featured_media":0,"parent":0,"menu_order":0,"comment_status":"closed","ping_status":"closed","template":"","meta":{"_uag_custom_page_level_css":"","site-sidebar-layout":"default","site-content-layout":"","ast-site-content-layout":"default","site-content-style":"default","site-sidebar-style":"default","ast-global-header-display":"","ast-banner-title-visibility":"","ast-main-header-display":"","ast-hfb-above-header-display":"","ast-hfb-below-header-display":"","ast-hfb-mobile-header-display":"","site-post-title":"disabled","ast-breadcrumbs-content":"","ast-featured-img":"","footer-sml-layout":"","ast-disable-related-posts":"","theme-transparent-header-meta":"","adv-header-id-meta":"","stick-header-meta":"","header-above-stick-meta":"","header-main-stick-meta":"","header-below-stick-meta":"","astra-migrate-meta-layouts":"set","ast-page-background-enabled":"default","ast-page-background-meta":{"desktop":{"background-color":"","background-image":"","background-repeat":"repeat","background-position":"center center","background-size":"auto","background-attachment":"scroll","background-type":"","background-media":"","overlay-type":"","overlay-color":"","overlay-opacity":"","overlay-gradient":""},"tablet":{"background-color":"","background-image":"","background-repeat":"repeat","background-position":"center center","background-size":"auto","background-attachment":"scroll","background-type":"","background-media":"","overlay-type":"","overlay-color":"","overlay-opacity":"","overlay-gradient":""},"mobile":{"background-color":"","background-image":"","background-repeat":"repeat","background-position":"center center","background-size":"auto","background-attachment":"scroll","background-type":"","background-media":"","overlay-type":"","overlay-color":"","overlay-opacity":"","overlay-gradient":""}},"ast-content-background-meta":{"desktop":{"background-color":"var(--ast-global-color-5)","background-image":"","background-repeat":"repeat","background-position":"center center","background-size":"auto","background-attachment":"scroll","background-type":"","background-media":"","overlay-type":"","overlay-color":"","overlay-opacity":"","overlay-gradient":""},"tablet":{"background-color":"var(--ast-global-color-5)","background-image":"","background-repeat":"repeat","background-position":"center center","background-size":"auto","background-attachment":"scroll","background-type":"","background-media":"","overlay-type":"","overlay-color":"","overlay-opacity":"","overlay-gradient":""},"mobile":{"background-color":"var(--ast-global-color-5)","background-image":"","background-repeat":"repeat","background-position":"center center","background-size":"auto","background-attachment":"scroll","background-type":"","background-media":"","overlay-type":"","overlay-color":"","overlay-opacity":"","overlay-gradient":""}},"iawp_total_views":650,"footnotes":""},"class_list":["post-1366","page","type-page","status-publish","hentry"],"uagb_featured_image_src":{"full":false,"thumbnail":false,"medium":false,"medium_large":false,"large":false,"1536x1536":false,"2048x2048":false},"uagb_author_info":{"display_name":"admin","author_link":"https:\/\/www.aetomazribeiro.net\/wpress\/author\/admin\/"},"uagb_comment_info":0,"uagb_excerpt":"Conselho Geral do Agrupamento de Escolas de Tondela Tomaz Ribeiro A sua import\u00e2ncia na organiza\u00e7\u00e3o da unidade org\u00e2nica e a [&hellip;]","_links":{"self":[{"href":"https:\/\/www.aetomazribeiro.net\/wpress\/wp-json\/wp\/v2\/pages\/1366","targetHints":{"allow":["GET"]}}],"collection":[{"href":"https:\/\/www.aetomazribeiro.net\/wpress\/wp-json\/wp\/v2\/pages"}],"about":[{"href":"https:\/\/www.aetomazribeiro.net\/wpress\/wp-json\/wp\/v2\/types\/page"}],"author":[{"embeddable":true,"href":"https:\/\/www.aetomazribeiro.net\/wpress\/wp-json\/wp\/v2\/users\/1"}],"replies":[{"embeddable":true,"href":"https:\/\/www.aetomazribeiro.net\/wpress\/wp-json\/wp\/v2\/comments?post=1366"}],"version-history":[{"count":4,"href":"https:\/\/www.aetomazribeiro.net\/wpress\/wp-json\/wp\/v2\/pages\/1366\/revisions"}],"predecessor-version":[{"id":6330,"href":"https:\/\/www.aetomazribeiro.net\/wpress\/wp-json\/wp\/v2\/pages\/1366\/revisions\/6330"}],"wp:attachment":[{"href":"https:\/\/www.aetomazribeiro.net\/wpress\/wp-json\/wp\/v2\/media?parent=1366"}],"curies":[{"name":"wp","href":"https:\/\/api.w.org\/{rel}","templated":true}]}}