{"id":1336,"date":"2024-03-08T17:08:17","date_gmt":"2024-03-08T17:08:17","guid":{"rendered":"https:\/\/www.aetomazribeiro.net\/wpress\/?page_id=1336"},"modified":"2024-07-11T15:36:06","modified_gmt":"2024-07-11T15:36:06","slug":"criterios-de-avaliacao","status":"publish","type":"page","link":"https:\/\/www.aetomazribeiro.net\/wpress\/criterios-de-avaliacao\/","title":{"rendered":"Crit\u00e9rios de Avalia\u00e7\u00e3o"},"content":{"rendered":"\n<div class=\"wp-block-uagb-container uagb-block-971ff945 alignfull uagb-is-root-container\"><div class=\"uagb-container-inner-blocks-wrap\">\n<div class=\"wp-block-uagb-container uagb-block-afa1df3f\">\n<p>Referencial de Avalia\u00e7\u00e3o Pedag\u00f3gica<\/p>\n\n\n<div class=\"_df_thumb \" id=\"df_2095\"  _slug=\"referencial-de-autoavaliacao\" data-title=\"referencial-de-autoavaliacao\" wpoptions=\"true\" thumb=\"https:\/\/www.aetomazribeiro.net\/wpress\/wp-content\/uploads\/2024\/03\/AETT_Referencial-de-avaliacao_23-24_Vfinal_Jan2024-1.jpg\" thumbtype=\"\" >Referencial de Autoavalia\u00e7\u00e3o<\/div><script class=\"df-shortcode-script\" nowprocket type=\"application\/javascript\">window.option_df_2095 = {\"outline\":[],\"autoEnableOutline\":\"false\",\"autoEnableThumbnail\":\"false\",\"overwritePDFOutline\":\"false\",\"direction\":\"1\",\"pageSize\":\"0\",\"source\":\"https:\\\/\\\/www.aetomazribeiro.net\\\/wpress\\\/wp-content\\\/uploads\\\/2024\\\/03\\\/AETT_Referencial-de-avaliacao_23-24_Vfinal_Jan2024-1.pdf\",\"wpOptions\":\"true\"}; if(window.DFLIP && window.DFLIP.parseBooks){window.DFLIP.parseBooks();}<\/script>\n<\/div>\n\n\n\n<div class=\"wp-block-uagb-container uagb-block-b539fa2c\">\n<p>Educa\u00e7\u00e3o para a Cidadania<\/p>\n\n\n<div class=\"_df_thumb \" id=\"df_1391\"  _slug=\"1391\" data-title=\"educacao-para-a-cidadania\" wpoptions=\"true\" thumb=\"https:\/\/www.aetomazribeiro.net\/wpress\/wp-content\/uploads\/2024\/03\/EEC-_AETTR_2024_2025.jpg\" thumbtype=\"\" >Educa\u00e7\u00e3o para a Cidadania<\/div><script class=\"df-shortcode-script\" nowprocket type=\"application\/javascript\">window.option_df_1391 = {\"outline\":[],\"autoEnableOutline\":\"false\",\"autoEnableThumbnail\":\"false\",\"overwritePDFOutline\":\"false\",\"direction\":\"1\",\"pageSize\":\"0\",\"source\":\"https:\\\/\\\/www.aetomazribeiro.net\\\/wpress\\\/wp-content\\\/uploads\\\/2024\\\/03\\\/EEC-_AETTR_2024_2025_compressed.pdf\",\"wpOptions\":\"true\"}; if(window.DFLIP && window.DFLIP.parseBooks){window.DFLIP.parseBooks();}<\/script>\n<\/div>\n\n\n\n<div class=\"wp-block-uagb-container uagb-block-95f95322\">\n<p>Crit\u00e9rios de Avalia\u00e7\u00e3o<\/p>\n\n\n<\/div>\n<\/div><\/div>\n\r\n<script><\/script>","protected":false},"excerpt":{"rendered":"<p>Referencial de Avalia\u00e7\u00e3o Pedag\u00f3gica Educa\u00e7\u00e3o para a Cidadania Crit\u00e9rios de Avalia\u00e7\u00e3o<\/p>\n","protected":false},"author":1,"featured_media":0,"parent":0,"menu_order":0,"comment_status":"closed","ping_status":"closed","template":"","meta":{"_uag_custom_page_level_css":"","site-sidebar-layout":"default","site-content-layout":"","ast-site-content-layout":"default","site-content-style":"default","site-sidebar-style":"default","ast-global-header-display":"","ast-banner-title-visibility":"","ast-main-header-display":"","ast-hfb-above-header-display":"","ast-hfb-below-header-display":"","ast-hfb-mobile-header-display":"","site-post-title":"","ast-breadcrumbs-content":"","ast-featured-img":"","footer-sml-layout":"","ast-disable-related-posts":"","theme-transparent-header-meta":"","adv-header-id-meta":"","stick-header-meta":"","header-above-stick-meta":"","header-main-stick-meta":"","header-below-stick-meta":"","astra-migrate-meta-layouts":"set","ast-page-background-enabled":"default","ast-page-background-meta":{"desktop":{"background-color":"","background-image":"","background-repeat":"repeat","background-position":"center center","background-size":"auto","background-attachment":"scroll","background-type":"","background-media":"","overlay-type":"","overlay-color":"","overlay-opacity":"","overlay-gradient":""},"tablet":{"background-color":"","background-image":"","background-repeat":"repeat","background-position":"center center","background-size":"auto","background-attachment":"scroll","background-type":"","background-media":"","overlay-type":"","overlay-color":"","overlay-opacity":"","overlay-gradient":""},"mobile":{"background-color":"","background-image":"","background-repeat":"repeat","background-position":"center center","background-size":"auto","background-attachment":"scroll","background-type":"","background-media":"","overlay-type":"","overlay-color":"","overlay-opacity":"","overlay-gradient":""}},"ast-content-background-meta":{"desktop":{"background-color":"var(--ast-global-color-5)","background-image":"","background-repeat":"repeat","background-position":"center center","background-size":"auto","background-attachment":"scroll","background-type":"","background-media":"","overlay-type":"","overlay-color":"","overlay-opacity":"","overlay-gradient":""},"tablet":{"background-color":"var(--ast-global-color-5)","background-image":"","background-repeat":"repeat","background-position":"center center","background-size":"auto","background-attachment":"scroll","background-type":"","background-media":"","overlay-type":"","overlay-color":"","overlay-opacity":"","overlay-gradient":""},"mobile":{"background-color":"var(--ast-global-color-5)","background-image":"","background-repeat":"repeat","background-position":"center center","background-size":"auto","background-attachment":"scroll","background-type":"","background-media":"","overlay-type":"","overlay-color":"","overlay-opacity":"","overlay-gradient":""}},"iawp_total_views":39,"footnotes":""},"class_list":["post-1336","page","type-page","status-publish","hentry"],"uagb_featured_image_src":{"full":false,"thumbnail":false,"medium":false,"medium_large":false,"large":false,"1536x1536":false,"2048x2048":false},"uagb_author_info":{"display_name":"admin","author_link":"https:\/\/www.aetomazribeiro.net\/wpress\/author\/admin\/"},"uagb_comment_info":0,"uagb_excerpt":"Referencial de Avalia\u00e7\u00e3o Pedag\u00f3gica Educa\u00e7\u00e3o para a Cidadania Crit\u00e9rios de Avalia\u00e7\u00e3o","_links":{"self":[{"href":"https:\/\/www.aetomazribeiro.net\/wpress\/wp-json\/wp\/v2\/pages\/1336","targetHints":{"allow":["GET"]}}],"collection":[{"href":"https:\/\/www.aetomazribeiro.net\/wpress\/wp-json\/wp\/v2\/pages"}],"about":[{"href":"https:\/\/www.aetomazribeiro.net\/wpress\/wp-json\/wp\/v2\/types\/page"}],"author":[{"embeddable":true,"href":"https:\/\/www.aetomazribeiro.net\/wpress\/wp-json\/wp\/v2\/users\/1"}],"replies":[{"embeddable":true,"href":"https:\/\/www.aetomazribeiro.net\/wpress\/wp-json\/wp\/v2\/comments?post=1336"}],"version-history":[{"count":0,"href":"https:\/\/www.aetomazribeiro.net\/wpress\/wp-json\/wp\/v2\/pages\/1336\/revisions"}],"wp:attachment":[{"href":"https:\/\/www.aetomazribeiro.net\/wpress\/wp-json\/wp\/v2\/media?parent=1336"}],"curies":[{"name":"wp","href":"https:\/\/api.w.org\/{rel}","templated":true}]}}