{"id":1306,"date":"2024-03-08T11:09:37","date_gmt":"2024-03-08T11:09:37","guid":{"rendered":"https:\/\/www.aetomazribeiro.net\/wpress\/?page_id=1306"},"modified":"2025-01-10T11:07:16","modified_gmt":"2025-01-10T11:07:16","slug":"projetos","status":"publish","type":"page","link":"https:\/\/www.aetomazribeiro.net\/wpress\/projetos\/","title":{"rendered":"Projetos"},"content":{"rendered":"\n<div class=\"wp-block-uagb-container uagb-block-8916131b alignfull uagb-is-root-container\"><div class=\"uagb-container-inner-blocks-wrap\">\n<div class=\"wp-block-uagb-container uagb-block-ace6b70b\"><\/div>\n\n\n\n<div class=\"wp-block-uagb-container uagb-block-3cd2caaf\">\n<div class=\"wp-block-buttons is-content-justification-center is-layout-flex wp-container-core-buttons-is-layout-a89b3969 wp-block-buttons-is-layout-flex\">\n<div class=\"wp-block-button\"><a class=\"wp-block-button__link has-ast-global-color-5-color has-ast-global-color-1-background-color has-text-color has-background has-link-color wp-element-button\" href=\"#projetos\">Projetos<\/a><\/div>\n<\/div>\n<\/div>\n\n\n\n<div class=\"wp-block-uagb-container uagb-block-fbef614c\">\n<div class=\"wp-block-buttons is-content-justification-center is-layout-flex wp-container-core-buttons-is-layout-a89b3969 wp-block-buttons-is-layout-flex\">\n<div class=\"wp-block-button\"><a class=\"wp-block-button__link has-ast-global-color-5-color has-ast-global-color-1-background-color has-text-color has-background has-link-color wp-element-button\" href=\"#parceiros\">Parceiros Internos<\/a><\/div>\n<\/div>\n<\/div>\n\n\n\n<div class=\"wp-block-uagb-container uagb-block-17489b50\"><\/div>\n<\/div><\/div>\n\n\n\n<div style=\"height:99px\" aria-hidden=\"true\" id=\"projetos\" class=\"wp-block-spacer\"><\/div>\n\n\n\n<h3 class=\"wp-block-heading has-text-align-center\">Projetos<\/h3>\n\n\n\n<div class=\"wp-block-uagb-container uagb-block-e5781e9c alignfull uagb-is-root-container\"><div class=\"uagb-container-inner-blocks-wrap\">\n<div class=\"wp-block-uagb-container uagb-block-8c539987\">\n<figure class=\"wp-block-image aligncenter size-large\"><a href=\"https:\/\/www.aetomazribeiro.net\/wpress\/erasmus\/\"><img fetchpriority=\"high\" decoding=\"async\" width=\"1024\" height=\"362\" src=\"https:\/\/www.aetomazribeiro.net\/wpress\/wp-content\/uploads\/2024\/06\/Erasmus_logo-1-1024x362.png\" alt=\"\" class=\"wp-image-2759\" style=\"box-shadow:var(--wp--preset--shadow--natural)\" srcset=\"https:\/\/www.aetomazribeiro.net\/wpress\/wp-content\/uploads\/2024\/06\/Erasmus_logo-1-1024x362.png 1024w, https:\/\/www.aetomazribeiro.net\/wpress\/wp-content\/uploads\/2024\/06\/Erasmus_logo-1-300x106.png 300w, https:\/\/www.aetomazribeiro.net\/wpress\/wp-content\/uploads\/2024\/06\/Erasmus_logo-1-768x272.png 768w, https:\/\/www.aetomazribeiro.net\/wpress\/wp-content\/uploads\/2024\/06\/Erasmus_logo-1.png 1536w\" sizes=\"(max-width: 1024px) 100vw, 1024px\" \/><\/a><\/figure>\n<\/div>\n\n\n\n<div class=\"wp-block-uagb-container uagb-block-ef46fddf\">\n<div class=\"wp-block-uagb-container uagb-block-aa4d4866\">\n<figure class=\"wp-block-image aligncenter size-full is-resized\"><a href=\"https:\/\/www.aetomazribeiro.net\/wpress\/pes\/\"><img decoding=\"async\" width=\"125\" height=\"65\" src=\"https:\/\/www.aetomazribeiro.net\/wpress\/wp-content\/uploads\/2024\/12\/pes-1.png\" alt=\"\" class=\"wp-image-4529\" style=\"box-shadow:var(--wp--preset--shadow--natural);width:244px;height:auto\"\/><\/a><\/figure>\n<\/div>\n<\/div>\n\n\n\n<figure class=\"wp-block-image alignright size-full is-resized\"><a href=\"https:\/\/www.aetomazribeiro.net\/wpress\/station\/som-dos-livros\"><img decoding=\"async\" width=\"800\" height=\"800\" src=\"https:\/\/www.aetomazribeiro.net\/wpress\/wp-content\/uploads\/2024\/12\/rb_373.png\" alt=\"\" class=\"wp-image-4567\" style=\"box-shadow:var(--wp--preset--shadow--natural);width:125px;height:auto\" srcset=\"https:\/\/www.aetomazribeiro.net\/wpress\/wp-content\/uploads\/2024\/12\/rb_373.png 800w, https:\/\/www.aetomazribeiro.net\/wpress\/wp-content\/uploads\/2024\/12\/rb_373-300x300.png 300w, https:\/\/www.aetomazribeiro.net\/wpress\/wp-content\/uploads\/2024\/12\/rb_373-150x150.png 150w, https:\/\/www.aetomazribeiro.net\/wpress\/wp-content\/uploads\/2024\/12\/rb_373-768x768.png 768w\" sizes=\"(max-width: 800px) 100vw, 800px\" \/><\/a><\/figure>\n<\/div><\/div>\n\n\n\n<div class=\"wp-block-uagb-container uagb-block-e6e10f97 alignfull uagb-is-root-container\"><div class=\"uagb-container-inner-blocks-wrap\">\n<div class=\"wp-block-uagb-container uagb-block-dd16e55b\">\n<h5 class=\"wp-block-heading has-text-align-center\">ERASMUS<\/h5>\n<\/div>\n\n\n\n<div class=\"wp-block-uagb-container uagb-block-e63fe1a8\">\n<h5 class=\"wp-block-heading has-text-align-center\">PES<\/h5>\n<\/div>\n\n\n\n<div class=\"wp-block-uagb-container uagb-block-5893bbbb\">\n<h5 class=\"wp-block-heading has-text-align-left\">SOM DOS LIVROS<\/h5>\n<\/div>\n<\/div><\/div>\n\n\n\n<div style=\"height:100px\" aria-hidden=\"true\" id=\"parceiros\" class=\"wp-block-spacer\"><\/div>\n\n\n\n<h3 class=\"wp-block-heading has-text-align-center\">Parceiros Internos<\/h3>\n\n\n\n<div data-wp-interactive=\"core\/file\" class=\"wp-block-file\"><object data-wp-bind--hidden=\"!state.hasPdfPreview\" hidden class=\"wp-block-file__embed\" data=\"https:\/\/www.aetomazribeiro.net\/wpress\/wp-content\/uploads\/2024\/09\/ParceirosInternos_ArticulacaoPedagogica_2023_2024.pdf\" type=\"application\/pdf\" style=\"width:100%;height:404px\" aria-label=\"Incorpora\u00e7\u00e3o de Parceiros Internos Articula\u00e7\u00e3o Pedagogica 2023-2024.\"><\/object><a id=\"wp-block-file--media-be5f2065-6c14-49dc-b81c-5aca38e22693\" href=\"https:\/\/www.aetomazribeiro.net\/wpress\/wp-content\/uploads\/2024\/09\/ParceirosInternos_ArticulacaoPedagogica_2023_2024.pdf\" target=\"_blank\" rel=\"noreferrer noopener\">Parceiros Internos Articula\u00e7\u00e3o Pedagogica 2023-2024<\/a><a href=\"https:\/\/www.aetomazribeiro.net\/wpress\/wp-content\/uploads\/2024\/09\/ParceirosInternos_ArticulacaoPedagogica_2023_2024.pdf\" class=\"wp-block-file__button wp-element-button\" download aria-describedby=\"wp-block-file--media-be5f2065-6c14-49dc-b81c-5aca38e22693\">Descarregar<\/a><\/div>\n\n\n<p><script><\/script><\/p>\n\n\n<p><\/p>\n","protected":false},"excerpt":{"rendered":"<p>Projetos ERASMUS PES SOM DOS LIVROS Parceiros Internos<\/p>\n","protected":false},"author":1,"featured_media":0,"parent":0,"menu_order":0,"comment_status":"closed","ping_status":"closed","template":"","meta":{"_uag_custom_page_level_css":"","site-sidebar-layout":"default","site-content-layout":"","ast-site-content-layout":"default","site-content-style":"default","site-sidebar-style":"default","ast-global-header-display":"","ast-banner-title-visibility":"","ast-main-header-display":"","ast-hfb-above-header-display":"","ast-hfb-below-header-display":"","ast-hfb-mobile-header-display":"","site-post-title":"disabled","ast-breadcrumbs-content":"","ast-featured-img":"","footer-sml-layout":"","ast-disable-related-posts":"","theme-transparent-header-meta":"","adv-header-id-meta":"","stick-header-meta":"","header-above-stick-meta":"","header-main-stick-meta":"","header-below-stick-meta":"","astra-migrate-meta-layouts":"set","ast-page-background-enabled":"default","ast-page-background-meta":{"desktop":{"background-color":"","background-image":"","background-repeat":"repeat","background-position":"center center","background-size":"auto","background-attachment":"scroll","background-type":"","background-media":"","overlay-type":"","overlay-color":"","overlay-opacity":"","overlay-gradient":""},"tablet":{"background-color":"","background-image":"","background-repeat":"repeat","background-position":"center center","background-size":"auto","background-attachment":"scroll","background-type":"","background-media":"","overlay-type":"","overlay-color":"","overlay-opacity":"","overlay-gradient":""},"mobile":{"background-color":"","background-image":"","background-repeat":"repeat","background-position":"center center","background-size":"auto","background-attachment":"scroll","background-type":"","background-media":"","overlay-type":"","overlay-color":"","overlay-opacity":"","overlay-gradient":""}},"ast-content-background-meta":{"desktop":{"background-color":"var(--ast-global-color-5)","background-image":"","background-repeat":"repeat","background-position":"center center","background-size":"auto","background-attachment":"scroll","background-type":"","background-media":"","overlay-type":"","overlay-color":"","overlay-opacity":"","overlay-gradient":""},"tablet":{"background-color":"var(--ast-global-color-5)","background-image":"","background-repeat":"repeat","background-position":"center center","background-size":"auto","background-attachment":"scroll","background-type":"","background-media":"","overlay-type":"","overlay-color":"","overlay-opacity":"","overlay-gradient":""},"mobile":{"background-color":"var(--ast-global-color-5)","background-image":"","background-repeat":"repeat","background-position":"center center","background-size":"auto","background-attachment":"scroll","background-type":"","background-media":"","overlay-type":"","overlay-color":"","overlay-opacity":"","overlay-gradient":""}},"iawp_total_views":1559,"footnotes":""},"class_list":["post-1306","page","type-page","status-publish","hentry"],"uagb_featured_image_src":{"full":false,"thumbnail":false,"medium":false,"medium_large":false,"large":false,"1536x1536":false,"2048x2048":false},"uagb_author_info":{"display_name":"admin","author_link":"https:\/\/www.aetomazribeiro.net\/wpress\/author\/admin\/"},"uagb_comment_info":0,"uagb_excerpt":"Projetos ERASMUS PES SOM DOS LIVROS Parceiros Internos","_links":{"self":[{"href":"https:\/\/www.aetomazribeiro.net\/wpress\/wp-json\/wp\/v2\/pages\/1306","targetHints":{"allow":["GET"]}}],"collection":[{"href":"https:\/\/www.aetomazribeiro.net\/wpress\/wp-json\/wp\/v2\/pages"}],"about":[{"href":"https:\/\/www.aetomazribeiro.net\/wpress\/wp-json\/wp\/v2\/types\/page"}],"author":[{"embeddable":true,"href":"https:\/\/www.aetomazribeiro.net\/wpress\/wp-json\/wp\/v2\/users\/1"}],"replies":[{"embeddable":true,"href":"https:\/\/www.aetomazribeiro.net\/wpress\/wp-json\/wp\/v2\/comments?post=1306"}],"version-history":[{"count":0,"href":"https:\/\/www.aetomazribeiro.net\/wpress\/wp-json\/wp\/v2\/pages\/1306\/revisions"}],"wp:attachment":[{"href":"https:\/\/www.aetomazribeiro.net\/wpress\/wp-json\/wp\/v2\/media?parent=1306"}],"curies":[{"name":"wp","href":"https:\/\/api.w.org\/{rel}","templated":true}]}}