{"id":1171,"date":"2024-03-06T14:11:30","date_gmt":"2024-03-06T14:11:30","guid":{"rendered":"https:\/\/www.aetomazribeiro.net\/wpress\/?page_id=1171"},"modified":"2025-10-14T10:39:48","modified_gmt":"2025-10-14T10:39:48","slug":"links-uteis","status":"publish","type":"page","link":"https:\/\/www.aetomazribeiro.net\/wpress\/links-uteis\/","title":{"rendered":"Links \u00dateis"},"content":{"rendered":"\n<h2 class=\"wp-block-heading has-text-align-center has-x-large-font-size\" style=\"font-style:normal;font-weight:500\"><strong>Links \u00dateis<\/strong><\/h2>\n\n\n\n<div class=\"wp-block-uagb-container uagb-block-98c0246a alignfull uagb-is-root-container\"><div class=\"uagb-container-inner-blocks-wrap\">\n<div class=\"wp-block-uagb-container uagb-block-aa69eea8\">\n<div class=\"wp-block-uagb-info-box uagb-block-f4a5fa6b uagb-infobox__content-wrap  uagb-infobox_cta-type-all uagb-infobox-icon-above-title uagb-infobox-image-valign-top\"><a href=\"https:\/\/aetomazribeiro.inovarmais.com\/Consulta\/app\/index.html#\/login\" class=\"uagb-infobox-link-wrap uagb-infbox__link-to-all\" target=\"_blank\" aria-label=\"Infobox Link\" rel=\"noopener noreferrer\" onclick=\"return true;\"><\/a><div class=\"uagb-ifb-content\"><div class=\"uagb-ifb-icon-wrap\"><svg xmlns=\"https:\/\/www.w3.org\/2000\/svg\" viewBox=\"0 0 640 512\"><path d=\"M320 128C328.8 128 336 135.2 336 144V160H352C360.8 160 368 167.2 368 176C368 184.8 360.8 192 352 192H320C311.2 192 304 184.8 304 176V144C304 135.2 311.2 128 320 128zM476.8 98.06L602.4 125.1C624.4 130.9 640 150.3 640 172.8V464C640 490.5 618.5 512 592 512H48C21.49 512 0 490.5 0 464V172.8C0 150.3 15.63 130.9 37.59 125.1L163.2 98.06L302.2 5.374C312.1-1.791 327-1.791 337.8 5.374L476.8 98.06zM256 512H384V416C384 380.7 355.3 352 320 352C284.7 352 256 380.7 256 416V512zM96 192C87.16 192 80 199.2 80 208V272C80 280.8 87.16 288 96 288H128C136.8 288 144 280.8 144 272V208C144 199.2 136.8 192 128 192H96zM496 272C496 280.8 503.2 288 512 288H544C552.8 288 560 280.8 560 272V208C560 199.2 552.8 192 544 192H512C503.2 192 496 199.2 496 208V272zM96 320C87.16 320 80 327.2 80 336V400C80 408.8 87.16 416 96 416H128C136.8 416 144 408.8 144 400V336C144 327.2 136.8 320 128 320H96zM496 400C496 408.8 503.2 416 512 416H544C552.8 416 560 408.8 560 400V336C560 327.2 552.8 320 544 320H512C503.2 320 496 327.2 496 336V400zM320 88C271.4 88 232 127.4 232 176C232 224.6 271.4 264 320 264C368.6 264 408 224.6 408 176C408 127.4 368.6 88 320 88z\"><\/path><\/svg><\/div><div class=\"uagb-ifb-title-wrap\"><h3 class=\"uagb-ifb-title\"><strong>INOVAR<\/strong><\/h3><\/div><div class=\"uagb-ifb-separator\"><\/div><p class=\"uagb-ifb-desc\"><a href=\"https:\/\/aetomazribeiro.inovarmais.com\/Consulta\/app\/index.html#\/login\" target=\"_blank\" rel=\"noreferrer noopener\">Acesso para encarregados de educa\u00e7\u00e3o e alunos<\/a><\/p><div class=\"uagb-ifb-button-wrapper wp-block-button\"><\/div><\/div><\/div>\n<\/div>\n\n\n\n<div class=\"wp-block-uagb-container uagb-block-f181d463\">\n<div class=\"wp-block-uagb-info-box uagb-block-a9c87b3b uagb-infobox__content-wrap  uagb-infobox_cta-type-all uagb-infobox-icon-above-title uagb-infobox-image-valign-top\"><a href=\"https:\/\/aetomazribeiro.inovarmais.com\/alunos\" class=\"uagb-infobox-link-wrap uagb-infbox__link-to-all\" target=\"_blank\" aria-label=\"Infobox Link\" rel=\"noopener noreferrer\" onclick=\"return true;\"><\/a><div class=\"uagb-ifb-content\"><div class=\"uagb-ifb-icon-wrap\"><svg xmlns=\"https:\/\/www.w3.org\/2000\/svg\" viewBox=\"0 0 640 512\"><path d=\"M320 128C328.8 128 336 135.2 336 144V160H352C360.8 160 368 167.2 368 176C368 184.8 360.8 192 352 192H320C311.2 192 304 184.8 304 176V144C304 135.2 311.2 128 320 128zM476.8 98.06L602.4 125.1C624.4 130.9 640 150.3 640 172.8V464C640 490.5 618.5 512 592 512H48C21.49 512 0 490.5 0 464V172.8C0 150.3 15.63 130.9 37.59 125.1L163.2 98.06L302.2 5.374C312.1-1.791 327-1.791 337.8 5.374L476.8 98.06zM256 512H384V416C384 380.7 355.3 352 320 352C284.7 352 256 380.7 256 416V512zM96 192C87.16 192 80 199.2 80 208V272C80 280.8 87.16 288 96 288H128C136.8 288 144 280.8 144 272V208C144 199.2 136.8 192 128 192H96zM496 272C496 280.8 503.2 288 512 288H544C552.8 288 560 280.8 560 272V208C560 199.2 552.8 192 544 192H512C503.2 192 496 199.2 496 208V272zM96 320C87.16 320 80 327.2 80 336V400C80 408.8 87.16 416 96 416H128C136.8 416 144 408.8 144 400V336C144 327.2 136.8 320 128 320H96zM496 400C496 408.8 503.2 416 512 416H544C552.8 416 560 408.8 560 400V336C560 327.2 552.8 320 544 320H512C503.2 320 496 327.2 496 336V400zM320 88C271.4 88 232 127.4 232 176C232 224.6 271.4 264 320 264C368.6 264 408 224.6 408 176C408 127.4 368.6 88 320 88z\"><\/path><\/svg><\/div><div class=\"uagb-ifb-title-wrap\"><h3 class=\"uagb-ifb-title\"><strong>INOVAR<\/strong><\/h3><\/div><div class=\"uagb-ifb-separator\"><\/div><p class=\"uagb-ifb-desc\"><a href=\"https:\/\/aetomazribeiro.inovarmais.com\/alunos\" target=\"_blank\" rel=\"noreferrer noopener\">Acesso para professores<\/a><\/p><div class=\"uagb-ifb-button-wrapper wp-block-button\"><\/div><\/div><\/div>\n<\/div>\n<\/div><\/div>\n\n\n\n<div style=\"height:53px\" aria-hidden=\"true\" class=\"wp-block-spacer\"><\/div>\n\n\n\n<div style=\"height:55px\" aria-hidden=\"true\" class=\"wp-block-spacer\"><\/div>\n\n\n\n<h2 class=\"wp-block-heading has-text-align-center\">Formul\u00e1rios<\/h2>\n\n\n\n<p><\/p>\n\n\n\n<div class=\"wp-block-uagb-container uagb-block-95762999 alignfull uagb-is-root-container\"><div class=\"uagb-container-inner-blocks-wrap\">\n<div class=\"wp-block-uagb-container uagb-block-3d3813a5\"><style>.kt-svg-icons1171_d2dcb8-12 .kt-svg-item-0 .kb-svg-icon-wrap{color:var(--global-palette4, #2D3748);font-size:50px;}.wp-block-kadence-icon.kt-svg-icons1171_d2dcb8-12{justify-content:flex-end;}<\/style>\n<div class=\"wp-block-kadence-icon kt-svg-icons kt-svg-icons1171_d2dcb8-12 alignnone\"><style>.kt-svg-item-1171_87d405-c8 .kb-svg-icon-wrap, .kt-svg-style-stacked.kt-svg-item-1171_87d405-c8 .kb-svg-icon-wrap{font-size:50px;}<\/style>\n<div class=\"wp-block-kadence-single-icon kt-svg-style-default kt-svg-icon-wrap kt-svg-item-1171_87d405-c8\"><a href=\"https:\/\/forms.gle\/F6DcZuyu6Yu67GUf8\" class=\"kt-svg-icon-link\" target=\"_blank\" rel=\"noopener noreferrer\"><span class=\"kb-svg-icon-wrap kb-svg-icon-fas_external-link-alt\"><svg viewBox=\"0 0 576 512\"  fill=\"currentColor\" xmlns=\"http:\/\/www.w3.org\/2000\/svg\"  aria-hidden=\"true\"><path d=\"M576 24v127.984c0 21.461-25.96 31.98-40.971 16.971l-35.707-35.709-243.523 243.523c-9.373 9.373-24.568 9.373-33.941 0l-22.627-22.627c-9.373-9.373-9.373-24.569 0-33.941L442.756 76.676l-35.703-35.705C391.982 25.9 402.656 0 424.024 0H552c13.255 0 24 10.745 24 24zM407.029 270.794l-16 16A23.999 23.999 0 0 0 384 303.765V448H64V128h264a24.003 24.003 0 0 0 16.97-7.029l16-16C376.089 89.851 365.381 64 344 64H48C21.49 64 0 85.49 0 112v352c0 26.51 21.49 48 48 48h352c26.51 0 48-21.49 48-48V287.764c0-21.382-25.852-32.09-40.971-16.97z\"\/><\/svg><\/span><\/a><\/div>\n<\/div>\n<\/div>\n\n\n\n<p class=\"has-medium-font-size\"><a href=\"https:\/\/forms.gle\/F6DcZuyu6Yu67GUf8\" target=\"_blank\" rel=\"noreferrer noopener\">Proposta de atividade PAA<\/a><\/p>\n<\/div><\/div>\n\n\n\n<div class=\"wp-block-uagb-container uagb-block-b34f54ea alignfull uagb-is-root-container\"><div class=\"uagb-container-inner-blocks-wrap\">\n<div class=\"wp-block-uagb-container uagb-block-b700ec36\"><style>.kt-svg-icons1171_0aba4b-23 .kt-svg-item-0 .kb-svg-icon-wrap{color:var(--global-palette4, #2D3748);font-size:50px;}.wp-block-kadence-icon.kt-svg-icons1171_0aba4b-23{justify-content:flex-end;}<\/style>\n<div class=\"wp-block-kadence-icon kt-svg-icons kt-svg-icons1171_0aba4b-23 alignnone\"><style>.kt-svg-item-1171_8054eb-28 .kb-svg-icon-wrap, .kt-svg-style-stacked.kt-svg-item-1171_8054eb-28 .kb-svg-icon-wrap{font-size:50px;}<\/style>\n<div class=\"wp-block-kadence-single-icon kt-svg-style-default kt-svg-icon-wrap kt-svg-item-1171_8054eb-28\"><a href=\"https:\/\/forms.gle\/u9Zwz4nKV1ggyXPA9\" class=\"kt-svg-icon-link\" target=\"_blank\" rel=\"noopener noreferrer\"><span class=\"kb-svg-icon-wrap kb-svg-icon-fas_external-link-alt\"><svg viewBox=\"0 0 576 512\"  fill=\"currentColor\" xmlns=\"http:\/\/www.w3.org\/2000\/svg\"  aria-hidden=\"true\"><path d=\"M576 24v127.984c0 21.461-25.96 31.98-40.971 16.971l-35.707-35.709-243.523 243.523c-9.373 9.373-24.568 9.373-33.941 0l-22.627-22.627c-9.373-9.373-9.373-24.569 0-33.941L442.756 76.676l-35.703-35.705C391.982 25.9 402.656 0 424.024 0H552c13.255 0 24 10.745 24 24zM407.029 270.794l-16 16A23.999 23.999 0 0 0 384 303.765V448H64V128h264a24.003 24.003 0 0 0 16.97-7.029l16-16C376.089 89.851 365.381 64 344 64H48C21.49 64 0 85.49 0 112v352c0 26.51 21.49 48 48 48h352c26.51 0 48-21.49 48-48V287.764c0-21.382-25.852-32.09-40.971-16.97z\"\/><\/svg><\/span><\/a><\/div>\n<\/div>\n<\/div>\n\n\n\n<p class=\"has-medium-font-size\"><a href=\"https:\/\/forms.gle\/u9Zwz4nKV1ggyXPA9\" target=\"_blank\" rel=\"noreferrer noopener\">Atividade pedag\u00f3gica fora da sala de aula \/ no exterior do recinto escolar<\/a><\/p>\n<\/div><\/div>\n\n\n\n<div class=\"wp-block-uagb-container uagb-block-61aac523 alignfull uagb-is-root-container\"><div class=\"uagb-container-inner-blocks-wrap\">\n<div class=\"wp-block-uagb-container uagb-block-88e3f397\"><style>.kt-svg-icons1171_fb4156-6e .kt-svg-item-0 .kb-svg-icon-wrap{color:var(--global-palette4, #2D3748);font-size:50px;}.wp-block-kadence-icon.kt-svg-icons1171_fb4156-6e{justify-content:flex-end;}<\/style>\n<div class=\"wp-block-kadence-icon kt-svg-icons kt-svg-icons1171_fb4156-6e alignnone\"><style>.kt-svg-item-1171_7791cd-8b .kb-svg-icon-wrap, .kt-svg-style-stacked.kt-svg-item-1171_7791cd-8b .kb-svg-icon-wrap{font-size:50px;}<\/style>\n<div class=\"wp-block-kadence-single-icon kt-svg-style-default kt-svg-icon-wrap kt-svg-item-1171_7791cd-8b\"><a href=\"https:\/\/forms.gle\/5PmBfu1P3Jp3NFVp6\" class=\"kt-svg-icon-link\" target=\"_blank\" rel=\"noopener noreferrer\"><span class=\"kb-svg-icon-wrap kb-svg-icon-fas_external-link-alt\"><svg viewBox=\"0 0 576 512\"  fill=\"currentColor\" xmlns=\"http:\/\/www.w3.org\/2000\/svg\"  aria-hidden=\"true\"><path d=\"M576 24v127.984c0 21.461-25.96 31.98-40.971 16.971l-35.707-35.709-243.523 243.523c-9.373 9.373-24.568 9.373-33.941 0l-22.627-22.627c-9.373-9.373-9.373-24.569 0-33.941L442.756 76.676l-35.703-35.705C391.982 25.9 402.656 0 424.024 0H552c13.255 0 24 10.745 24 24zM407.029 270.794l-16 16A23.999 23.999 0 0 0 384 303.765V448H64V128h264a24.003 24.003 0 0 0 16.97-7.029l16-16C376.089 89.851 365.381 64 344 64H48C21.49 64 0 85.49 0 112v352c0 26.51 21.49 48 48 48h352c26.51 0 48-21.49 48-48V287.764c0-21.382-25.852-32.09-40.971-16.97z\"\/><\/svg><\/span><\/a><\/div>\n<\/div>\n<\/div>\n\n\n\n<p class=\"has-medium-font-size\"><a href=\"https:\/\/forms.gle\/5PmBfu1P3Jp3NFVp6\" target=\"_blank\" rel=\"noreferrer noopener\">Proposta de visita de estudo<\/a><\/p>\n<\/div><\/div>\n\n\n\n<div class=\"wp-block-uagb-container uagb-block-f129af98 alignfull uagb-is-root-container\"><div class=\"uagb-container-inner-blocks-wrap\">\n<div class=\"wp-block-uagb-container uagb-block-acd83997\"><style>.kt-svg-icons1171_5b2a39-e7 .kt-svg-item-0 .kb-svg-icon-wrap{color:var(--global-palette4, #2D3748);font-size:50px;}.wp-block-kadence-icon.kt-svg-icons1171_5b2a39-e7{justify-content:flex-end;}<\/style>\n<div class=\"wp-block-kadence-icon kt-svg-icons kt-svg-icons1171_5b2a39-e7 alignnone\"><style>.kt-svg-item-1171_f469eb-31 .kb-svg-icon-wrap, .kt-svg-style-stacked.kt-svg-item-1171_f469eb-31 .kb-svg-icon-wrap{font-size:50px;}<\/style>\n<div class=\"wp-block-kadence-single-icon kt-svg-style-default kt-svg-icon-wrap kt-svg-item-1171_f469eb-31\"><a href=\"https:\/\/forms.gle\/o737ZTGsek4A4XBB6\" class=\"kt-svg-icon-link\" target=\"_blank\" rel=\"noopener noreferrer\"><span class=\"kb-svg-icon-wrap kb-svg-icon-fas_external-link-alt\"><svg viewBox=\"0 0 576 512\"  fill=\"currentColor\" xmlns=\"http:\/\/www.w3.org\/2000\/svg\"  aria-hidden=\"true\"><path d=\"M576 24v127.984c0 21.461-25.96 31.98-40.971 16.971l-35.707-35.709-243.523 243.523c-9.373 9.373-24.568 9.373-33.941 0l-22.627-22.627c-9.373-9.373-9.373-24.569 0-33.941L442.756 76.676l-35.703-35.705C391.982 25.9 402.656 0 424.024 0H552c13.255 0 24 10.745 24 24zM407.029 270.794l-16 16A23.999 23.999 0 0 0 384 303.765V448H64V128h264a24.003 24.003 0 0 0 16.97-7.029l16-16C376.089 89.851 365.381 64 344 64H48C21.49 64 0 85.49 0 112v352c0 26.51 21.49 48 48 48h352c26.51 0 48-21.49 48-48V287.764c0-21.382-25.852-32.09-40.971-16.97z\"\/><\/svg><\/span><\/a><\/div>\n<\/div>\n<\/div>\n\n\n\n<p><a href=\"https:\/\/forms.gle\/o737ZTGsek4A4XBB6\" target=\"_blank\" rel=\"noreferrer noopener\">Relat\u00f3rio de Atividade PAA<\/a><\/p>\n<\/div><\/div>\n\n\n\n<div class=\"wp-block-uagb-container uagb-block-2e5de134 alignfull uagb-is-root-container\"><div class=\"uagb-container-inner-blocks-wrap\">\n<div class=\"wp-block-uagb-container uagb-block-fa410195\"><style>.kt-svg-icons1171_4342e2-7a .kt-svg-item-0 .kb-svg-icon-wrap{color:var(--global-palette4, #2D3748);font-size:50px;}.wp-block-kadence-icon.kt-svg-icons1171_4342e2-7a{justify-content:flex-end;}<\/style>\n<div class=\"wp-block-kadence-icon kt-svg-icons kt-svg-icons1171_4342e2-7a alignnone\"><style>.kt-svg-item-1171_e6bfa0-45 .kb-svg-icon-wrap, .kt-svg-style-stacked.kt-svg-item-1171_e6bfa0-45 .kb-svg-icon-wrap{font-size:50px;}<\/style>\n<div class=\"wp-block-kadence-single-icon kt-svg-style-default kt-svg-icon-wrap kt-svg-item-1171_e6bfa0-45\"><a href=\"https:\/\/forms.gle\/UdTQwuf8KXxwhnii7\" class=\"kt-svg-icon-link\" target=\"_blank\" rel=\"noopener noreferrer\"><span class=\"kb-svg-icon-wrap kb-svg-icon-fas_external-link-alt\"><svg viewBox=\"0 0 576 512\"  fill=\"currentColor\" xmlns=\"http:\/\/www.w3.org\/2000\/svg\"  aria-hidden=\"true\"><path d=\"M576 24v127.984c0 21.461-25.96 31.98-40.971 16.971l-35.707-35.709-243.523 243.523c-9.373 9.373-24.568 9.373-33.941 0l-22.627-22.627c-9.373-9.373-9.373-24.569 0-33.941L442.756 76.676l-35.703-35.705C391.982 25.9 402.656 0 424.024 0H552c13.255 0 24 10.745 24 24zM407.029 270.794l-16 16A23.999 23.999 0 0 0 384 303.765V448H64V128h264a24.003 24.003 0 0 0 16.97-7.029l16-16C376.089 89.851 365.381 64 344 64H48C21.49 64 0 85.49 0 112v352c0 26.51 21.49 48 48 48h352c26.51 0 48-21.49 48-48V287.764c0-21.382-25.852-32.09-40.971-16.97z\"\/><\/svg><\/span><\/a><\/div>\n<\/div>\n<\/div>\n\n\n\n<p><a href=\"https:\/\/forms.gle\/UdTQwuf8KXxwhnii7\" target=\"_blank\" rel=\"noreferrer noopener\">Avalia\u00e7\u00e3o de Visita de Estudo<\/a><\/p>\n<\/div><\/div>\n\n\n<p><script><\/script><\/p>\n\n\n<p><\/p>\n","protected":false},"excerpt":{"rendered":"<p>Links \u00dateis Formul\u00e1rios Proposta de atividade PAA Atividade pedag\u00f3gica fora da sala de aula \/ no exterior do recinto escolar [&hellip;]<\/p>\n","protected":false},"author":1,"featured_media":0,"parent":0,"menu_order":0,"comment_status":"closed","ping_status":"closed","template":"","meta":{"_uag_custom_page_level_css":"","site-sidebar-layout":"default","site-content-layout":"","ast-site-content-layout":"default","site-content-style":"default","site-sidebar-style":"default","ast-global-header-display":"","ast-banner-title-visibility":"","ast-main-header-display":"","ast-hfb-above-header-display":"","ast-hfb-below-header-display":"","ast-hfb-mobile-header-display":"","site-post-title":"disabled","ast-breadcrumbs-content":"","ast-featured-img":"","footer-sml-layout":"","ast-disable-related-posts":"","theme-transparent-header-meta":"","adv-header-id-meta":"","stick-header-meta":"","header-above-stick-meta":"","header-main-stick-meta":"","header-below-stick-meta":"","astra-migrate-meta-layouts":"set","ast-page-background-enabled":"default","ast-page-background-meta":{"desktop":{"background-color":"","background-image":"","background-repeat":"repeat","background-position":"center center","background-size":"auto","background-attachment":"scroll","background-type":"","background-media":"","overlay-type":"","overlay-color":"","overlay-opacity":"","overlay-gradient":""},"tablet":{"background-color":"","background-image":"","background-repeat":"repeat","background-position":"center center","background-size":"auto","background-attachment":"scroll","background-type":"","background-media":"","overlay-type":"","overlay-color":"","overlay-opacity":"","overlay-gradient":""},"mobile":{"background-color":"","background-image":"","background-repeat":"repeat","background-position":"center center","background-size":"auto","background-attachment":"scroll","background-type":"","background-media":"","overlay-type":"","overlay-color":"","overlay-opacity":"","overlay-gradient":""}},"ast-content-background-meta":{"desktop":{"background-color":"var(--ast-global-color-5)","background-image":"","background-repeat":"repeat","background-position":"center center","background-size":"auto","background-attachment":"scroll","background-type":"","background-media":"","overlay-type":"","overlay-color":"","overlay-opacity":"","overlay-gradient":""},"tablet":{"background-color":"var(--ast-global-color-5)","background-image":"","background-repeat":"repeat","background-position":"center center","background-size":"auto","background-attachment":"scroll","background-type":"","background-media":"","overlay-type":"","overlay-color":"","overlay-opacity":"","overlay-gradient":""},"mobile":{"background-color":"var(--ast-global-color-5)","background-image":"","background-repeat":"repeat","background-position":"center center","background-size":"auto","background-attachment":"scroll","background-type":"","background-media":"","overlay-type":"","overlay-color":"","overlay-opacity":"","overlay-gradient":""}},"iawp_total_views":40989,"footnotes":""},"class_list":["post-1171","page","type-page","status-publish","hentry"],"uagb_featured_image_src":{"full":false,"thumbnail":false,"medium":false,"medium_large":false,"large":false,"1536x1536":false,"2048x2048":false},"uagb_author_info":{"display_name":"admin","author_link":"https:\/\/www.aetomazribeiro.net\/wpress\/author\/admin\/"},"uagb_comment_info":0,"uagb_excerpt":"Links \u00dateis Formul\u00e1rios Proposta de atividade PAA Atividade pedag\u00f3gica fora da sala de aula \/ no exterior do recinto escolar [&hellip;]","_links":{"self":[{"href":"https:\/\/www.aetomazribeiro.net\/wpress\/wp-json\/wp\/v2\/pages\/1171","targetHints":{"allow":["GET"]}}],"collection":[{"href":"https:\/\/www.aetomazribeiro.net\/wpress\/wp-json\/wp\/v2\/pages"}],"about":[{"href":"https:\/\/www.aetomazribeiro.net\/wpress\/wp-json\/wp\/v2\/types\/page"}],"author":[{"embeddable":true,"href":"https:\/\/www.aetomazribeiro.net\/wpress\/wp-json\/wp\/v2\/users\/1"}],"replies":[{"embeddable":true,"href":"https:\/\/www.aetomazribeiro.net\/wpress\/wp-json\/wp\/v2\/comments?post=1171"}],"version-history":[{"count":0,"href":"https:\/\/www.aetomazribeiro.net\/wpress\/wp-json\/wp\/v2\/pages\/1171\/revisions"}],"wp:attachment":[{"href":"https:\/\/www.aetomazribeiro.net\/wpress\/wp-json\/wp\/v2\/media?parent=1171"}],"curies":[{"name":"wp","href":"https:\/\/api.w.org\/{rel}","templated":true}]}}